{"id":646,"date":"2025-05-20T18:45:56","date_gmt":"2025-05-20T16:45:56","guid":{"rendered":"https:\/\/nuevo.logoband.es\/?page_id=646"},"modified":"2025-12-12T12:59:54","modified_gmt":"2025-12-12T11:59:54","slug":"fundas-de-acreditacion-al-por-mayor","status":"publish","type":"page","link":"https:\/\/nuevo.logoband.es\/en\/fundas-de-acreditacion-al-por-mayor\/","title":{"rendered":"Fundas de acreditaci\u00f3n"},"content":{"rendered":"<div data-elementor-type=\"wp-page\" data-elementor-id=\"646\" class=\"elementor elementor-646\" data-elementor-post-type=\"page\">\n\t\t\t\t<div class=\"elementor-element elementor-element-ff84cff e-flex e-con-boxed e-con e-parent\" data-id=\"ff84cff\" data-element_type=\"container\" data-settings=\"{&quot;background_background&quot;:&quot;classic&quot;}\">\n\t\t\t\t\t<div class=\"e-con-inner\">\n\t\t<div class=\"elementor-element elementor-element-9101cd6 e-con-full e-flex e-con e-child\" data-id=\"9101cd6\" data-element_type=\"container\">\n\t\t\t\t<div class=\"elementor-element elementor-element-6a68c40 elementor-widget elementor-widget-heading\" data-id=\"6a68c40\" data-element_type=\"widget\" data-widget_type=\"heading.default\">\n\t\t\t\t<div class=\"elementor-widget-container\">\n\t\t\t\t\t<h1 class=\"elementor-heading-title elementor-size-default\">Fundas de acreditaci\u00f3n<\/h1>\t\t\t\t<\/div>\n\t\t\t\t<\/div>\n\t\t\t\t<\/div>\n\t\t\t\t\t<\/div>\n\t\t\t\t<\/div>\n\t\t<div class=\"elementor-element elementor-element-a054db8 e-con-full e-flex e-con e-parent\" data-id=\"a054db8\" data-element_type=\"container\">\n\t\t<div class=\"elementor-element elementor-element-4474bb4 e-con-full e-flex e-con e-child\" data-id=\"4474bb4\" data-element_type=\"container\">\n\t\t\t\t<div class=\"elementor-element elementor-element-7b4176f elementor-widget elementor-widget-image\" data-id=\"7b4176f\" data-element_type=\"widget\" data-widget_type=\"image.default\">\n\t\t\t\t<div class=\"elementor-widget-container\">\n\t\t\t\t\t\t\t\t\t\t\t\t\t\t\t<img fetchpriority=\"high\" decoding=\"async\" width=\"720\" height=\"340\" src=\"https:\/\/nuevo.logoband.es\/wp-content\/uploads\/2025\/05\/top_holder.webp\" class=\"attachment-full size-full wp-image-291\" alt=\"Acreditaciones al por mayor para empresas y eventos\" srcset=\"https:\/\/nuevo.logoband.es\/wp-content\/uploads\/2025\/05\/top_holder.webp 720w, https:\/\/nuevo.logoband.es\/wp-content\/uploads\/2025\/05\/top_holder-300x142.webp 300w\" sizes=\"(max-width: 720px) 100vw, 720px\" \/>\t\t\t\t\t\t\t\t\t\t\t\t\t\t\t<\/div>\n\t\t\t\t<\/div>\n\t\t\t\t<\/div>\n\t\t<div class=\"elementor-element elementor-element-5138776 e-con-full e-flex e-con e-child\" data-id=\"5138776\" data-element_type=\"container\">\n\t\t\t\t<div class=\"elementor-element elementor-element-b83bb58 elementor-widget elementor-widget-text-editor\" data-id=\"b83bb58\" data-element_type=\"widget\" data-widget_type=\"text-editor.default\">\n\t\t\t\t<div class=\"elementor-widget-container\">\n\t\t\t\t\t\t\t\t\t<h4 data-start=\"242\" data-end=\"312\">Fundas porta acreditaciones personalizadas para eventos y congresos<\/h4><p class=\"\" data-start=\"314\" data-end=\"674\"><span style=\"color: #000000;\">Las fundas de acreditaci\u00f3n son un elemento esencial en la organizaci\u00f3n de eventos, congresos, ferias comerciales y reuniones corporativas. En Logoband ofrecemos fundas porta acreditaciones personalizadas al por mayor, adaptadas a las necesidades de empresas, instituciones y organizadores de eventos que buscan una presentaci\u00f3n profesional, funcional y segura.<\/span><\/p><p class=\"\" data-start=\"676\" data-end=\"1034\"><span style=\"color: #000000;\">Contamos con diferentes modelos de fundas fabricadas en materiales resistentes y duraderos, que permiten alojar tarjetas identificativas, carnets o credenciales de forma clara y protegida. Adem\u00e1s, todas nuestras fundas son compatibles con lanyards personalizados, lo que mejora la visibilidad de los asistentes y refuerza la identidad corporativa del evento.<\/span><\/p>\t\t\t\t\t\t\t\t<\/div>\n\t\t\t\t<\/div>\n\t\t\t\t<div class=\"elementor-element elementor-element-7cf066f elementor-mobile-align-center elementor-widget elementor-widget-button\" data-id=\"7cf066f\" data-element_type=\"widget\" data-widget_type=\"button.default\">\n\t\t\t\t<div class=\"elementor-widget-container\">\n\t\t\t\t\t\t\t\t\t<div class=\"elementor-button-wrapper\">\n\t\t\t\t\t<a class=\"elementor-button elementor-button-link elementor-size-sm elementor-animation-grow\" href=\"#elementor-action%3Aaction%3Dpopup%3Aopen%26settings%3DeyJpZCI6IjM1NzgiLCJ0b2dnbGUiOmZhbHNlfQ%3D%3D\">\n\t\t\t\t\t\t<span class=\"elementor-button-content-wrapper\">\n\t\t\t\t\t\t\t\t\t<span class=\"elementor-button-text\">Ask about the product<\/span>\n\t\t\t\t\t<\/span>\n\t\t\t\t\t<\/a>\n\t\t\t\t<\/div>\n\t\t\t\t\t\t\t\t<\/div>\n\t\t\t\t<\/div>\n\t\t\t\t<\/div>\n\t\t\t\t<\/div>\n\t\t<div class=\"elementor-element elementor-element-3df783c e-flex e-con-boxed e-con e-parent\" data-id=\"3df783c\" data-element_type=\"container\">\n\t\t\t\t\t<div class=\"e-con-inner\">\n\t\t<div class=\"elementor-element elementor-element-3d4353c e-con-full e-flex e-con e-child\" data-id=\"3d4353c\" data-element_type=\"container\">\n\t\t\t\t<div class=\"elementor-element elementor-element-d2e9aba elementor-position-top elementor-widget elementor-widget-image-box\" data-id=\"d2e9aba\" data-element_type=\"widget\" data-widget_type=\"image-box.default\">\n\t\t\t\t<div class=\"elementor-widget-container\">\n\t\t\t\t\t<div class=\"elementor-image-box-wrapper\"><figure class=\"elementor-image-box-img\"><a href=\"#elementor-action%3Aaction%3Dlightbox%26settings%3DeyJ1cmwiOiJodHRwczpcL1wvbnVldm8ubG9nb2JhbmQuZXNcL3dwLWNvbnRlbnRcL3VwbG9hZHNcLzIwMjVcLzA1XC9mdW5kYXMxLTEud2VicCIsInR5cGUiOiJpbWFnZSIsInRpdGxlIjoiZnVuZGFzMS0xIn0%3D\" tabindex=\"-1\"><img decoding=\"async\" width=\"480\" height=\"212\" data-src=\"https:\/\/nuevo.logoband.es\/wp-content\/uploads\/2025\/05\/fundas1-1.webp\" class=\"elementor-animation-grow attachment-full size-full wp-image-649 lazyload\" alt=\"Fundas personalizadas para eventos\" data-srcset=\"https:\/\/nuevo.logoband.es\/wp-content\/uploads\/2025\/05\/fundas1-1.webp 480w, https:\/\/nuevo.logoband.es\/wp-content\/uploads\/2025\/05\/fundas1-1-300x133.webp 300w\" data-sizes=\"(max-width: 480px) 100vw, 480px\" src=\"data:image\/svg+xml;base64,PHN2ZyB3aWR0aD0iMSIgaGVpZ2h0PSIxIiB4bWxucz0iaHR0cDovL3d3dy53My5vcmcvMjAwMC9zdmciPjwvc3ZnPg==\" style=\"--smush-placeholder-width: 480px; --smush-placeholder-aspect-ratio: 480\/212;\" \/><\/a><\/figure><div class=\"elementor-image-box-content\"><h3 class=\"elementor-image-box-title\"><a href=\"#elementor-action%3Aaction%3Dlightbox%26settings%3DeyJ1cmwiOiJodHRwczpcL1wvbnVldm8ubG9nb2JhbmQuZXNcL3dwLWNvbnRlbnRcL3VwbG9hZHNcLzIwMjVcLzA1XC9mdW5kYXMxLTEud2VicCIsInR5cGUiOiJpbWFnZSIsInRpdGxlIjoiZnVuZGFzMS0xIn0%3D\">Fundas Visa<\/a><\/h3><p class=\"elementor-image-box-description\">\u2714 Medidas disponibles: 10,6x9,1 cm \/ 9,2x7,4 cm<\/p><\/div><\/div>\t\t\t\t<\/div>\n\t\t\t\t<\/div>\n\t\t\t\t<\/div>\n\t\t<div class=\"elementor-element elementor-element-5956996 e-con-full e-flex e-con e-child\" data-id=\"5956996\" data-element_type=\"container\">\n\t\t\t\t<div class=\"elementor-element elementor-element-007f091 elementor-position-top elementor-widget elementor-widget-image-box\" data-id=\"007f091\" data-element_type=\"widget\" data-widget_type=\"image-box.default\">\n\t\t\t\t<div class=\"elementor-widget-container\">\n\t\t\t\t\t<div class=\"elementor-image-box-wrapper\"><figure class=\"elementor-image-box-img\"><a href=\"#elementor-action%3Aaction%3Dlightbox%26settings%3DeyJ1cmwiOiJodHRwczpcL1wvbnVldm8ubG9nb2JhbmQuZXNcL3dwLWNvbnRlbnRcL3VwbG9hZHNcLzIwMjVcLzA1XC9mdW5kYXMyLndlYnAiLCJ0eXBlIjoiaW1hZ2UiLCJ0aXRsZSI6ImZ1bmRhczIifQ%3D%3D\" tabindex=\"-1\"><img decoding=\"async\" width=\"506\" height=\"249\" data-src=\"https:\/\/nuevo.logoband.es\/wp-content\/uploads\/2025\/05\/fundas2.webp\" class=\"elementor-animation-grow attachment-full size-full wp-image-650 lazyload\" alt=\"\" data-srcset=\"https:\/\/nuevo.logoband.es\/wp-content\/uploads\/2025\/05\/fundas2.webp 506w, https:\/\/nuevo.logoband.es\/wp-content\/uploads\/2025\/05\/fundas2-300x148.webp 300w\" data-sizes=\"(max-width: 506px) 100vw, 506px\" src=\"data:image\/svg+xml;base64,PHN2ZyB3aWR0aD0iMSIgaGVpZ2h0PSIxIiB4bWxucz0iaHR0cDovL3d3dy53My5vcmcvMjAwMC9zdmciPjwvc3ZnPg==\" style=\"--smush-placeholder-width: 506px; --smush-placeholder-aspect-ratio: 506\/249;\" \/><\/a><\/figure><div class=\"elementor-image-box-content\"><h3 class=\"elementor-image-box-title\"><a href=\"#elementor-action%3Aaction%3Dlightbox%26settings%3DeyJ1cmwiOiJodHRwczpcL1wvbnVldm8ubG9nb2JhbmQuZXNcL3dwLWNvbnRlbnRcL3VwbG9hZHNcLzIwMjVcLzA1XC9mdW5kYXMyLndlYnAiLCJ0eXBlIjoiaW1hZ2UiLCJ0aXRsZSI6ImZ1bmRhczIifQ%3D%3D\">Fundas Congreso<\/a><\/h3><p class=\"elementor-image-box-description\">\u2714 Medidas disponibles: 11,6x10 cm \/ 12,5x9,2 cm<\/p><\/div><\/div>\t\t\t\t<\/div>\n\t\t\t\t<\/div>\n\t\t\t\t<\/div>\n\t\t<div class=\"elementor-element elementor-element-1518ce9 e-con-full e-flex e-con e-child\" data-id=\"1518ce9\" data-element_type=\"container\">\n\t\t\t\t<div class=\"elementor-element elementor-element-26d8b38 elementor-position-top elementor-widget elementor-widget-image-box\" data-id=\"26d8b38\" data-element_type=\"widget\" data-widget_type=\"image-box.default\">\n\t\t\t\t<div class=\"elementor-widget-container\">\n\t\t\t\t\t<div class=\"elementor-image-box-wrapper\"><figure class=\"elementor-image-box-img\"><a href=\"#elementor-action%3Aaction%3Dlightbox%26settings%3DeyJ1cmwiOiJodHRwczpcL1wvbnVldm8ubG9nb2JhbmQuZXNcL3dwLWNvbnRlbnRcL3VwbG9hZHNcLzIwMjVcLzA1XC9mdW5kYXMzLndlYnAiLCJ0eXBlIjoiaW1hZ2UiLCJ0aXRsZSI6ImZ1bmRhczMifQ%3D%3D\" tabindex=\"-1\"><img decoding=\"async\" width=\"305\" height=\"335\" data-src=\"https:\/\/nuevo.logoband.es\/wp-content\/uploads\/2025\/05\/fundas3.webp\" class=\"elementor-animation-grow attachment-full size-full wp-image-651 lazyload\" alt=\"\" data-srcset=\"https:\/\/nuevo.logoband.es\/wp-content\/uploads\/2025\/05\/fundas3.webp 305w, https:\/\/nuevo.logoband.es\/wp-content\/uploads\/2025\/05\/fundas3-273x300.webp 273w\" data-sizes=\"(max-width: 305px) 100vw, 305px\" src=\"data:image\/svg+xml;base64,PHN2ZyB3aWR0aD0iMSIgaGVpZ2h0PSIxIiB4bWxucz0iaHR0cDovL3d3dy53My5vcmcvMjAwMC9zdmciPjwvc3ZnPg==\" style=\"--smush-placeholder-width: 305px; --smush-placeholder-aspect-ratio: 305\/335;\" \/><\/a><\/figure><div class=\"elementor-image-box-content\"><h3 class=\"elementor-image-box-title\"><a href=\"#elementor-action%3Aaction%3Dlightbox%26settings%3DeyJ1cmwiOiJodHRwczpcL1wvbnVldm8ubG9nb2JhbmQuZXNcL3dwLWNvbnRlbnRcL3VwbG9hZHNcLzIwMjVcLzA1XC9mdW5kYXMzLndlYnAiLCJ0eXBlIjoiaW1hZ2UiLCJ0aXRsZSI6ImZ1bmRhczMifQ%3D%3D\">Fundas Ol\u00edmpica<\/a><\/h3><p class=\"elementor-image-box-description\">\u2714 Medidas disponibles: 17x11,2 cm<\/p><\/div><\/div>\t\t\t\t<\/div>\n\t\t\t\t<\/div>\n\t\t\t\t<\/div>\n\t\t\t\t\t<\/div>\n\t\t\t\t<\/div>\n\t\t<div class=\"elementor-element elementor-element-b9305f6 e-flex e-con-boxed e-con e-parent\" data-id=\"b9305f6\" data-element_type=\"container\">\n\t\t\t\t\t<div class=\"e-con-inner\">\n\t\t<div class=\"elementor-element elementor-element-54bd11d e-con-full e-flex e-con e-child\" data-id=\"54bd11d\" data-element_type=\"container\">\n\t\t\t\t<div class=\"elementor-element elementor-element-04f06dd elementor-position-top elementor-widget elementor-widget-image-box\" data-id=\"04f06dd\" data-element_type=\"widget\" data-widget_type=\"image-box.default\">\n\t\t\t\t<div class=\"elementor-widget-container\">\n\t\t\t\t\t<div class=\"elementor-image-box-wrapper\"><figure class=\"elementor-image-box-img\"><a href=\"#elementor-action%3Aaction%3Dlightbox%26settings%3DeyJ1cmwiOiJodHRwczpcL1wvbnVldm8ubG9nb2JhbmQuZXNcL3dwLWNvbnRlbnRcL3VwbG9hZHNcLzIwMjVcLzA1XC9mdW5kYXM0LndlYnAiLCJ0eXBlIjoiaW1hZ2UiLCJ0aXRsZSI6ImZ1bmRhczQifQ%3D%3D\" tabindex=\"-1\"><img decoding=\"async\" width=\"524\" height=\"194\" data-src=\"https:\/\/nuevo.logoband.es\/wp-content\/uploads\/2025\/05\/fundas4.webp\" class=\"elementor-animation-grow attachment-full size-full wp-image-652 lazyload\" alt=\"\" data-srcset=\"https:\/\/nuevo.logoband.es\/wp-content\/uploads\/2025\/05\/fundas4.webp 524w, https:\/\/nuevo.logoband.es\/wp-content\/uploads\/2025\/05\/fundas4-300x111.webp 300w\" data-sizes=\"(max-width: 524px) 100vw, 524px\" src=\"data:image\/svg+xml;base64,PHN2ZyB3aWR0aD0iMSIgaGVpZ2h0PSIxIiB4bWxucz0iaHR0cDovL3d3dy53My5vcmcvMjAwMC9zdmciPjwvc3ZnPg==\" style=\"--smush-placeholder-width: 524px; --smush-placeholder-aspect-ratio: 524\/194;\" \/><\/a><\/figure><div class=\"elementor-image-box-content\"><h3 class=\"elementor-image-box-title\"><a href=\"#elementor-action%3Aaction%3Dlightbox%26settings%3DeyJ1cmwiOiJodHRwczpcL1wvbnVldm8ubG9nb2JhbmQuZXNcL3dwLWNvbnRlbnRcL3VwbG9hZHNcLzIwMjVcLzA1XC9mdW5kYXM0LndlYnAiLCJ0eXBlIjoiaW1hZ2UiLCJ0aXRsZSI6ImZ1bmRhczQifQ%3D%3D\">Fundas semir\u00edgidas modelo Visa<\/a><\/h3><p class=\"elementor-image-box-description\">\u2714 Medida: 84,6x54 mm<br>\u2714 Colores disponibles: Blanco-Negro-Verde-Rojo-Azul-Gris<\/p><\/div><\/div>\t\t\t\t<\/div>\n\t\t\t\t<\/div>\n\t\t\t\t<\/div>\n\t\t<div class=\"elementor-element elementor-element-18f8b29 e-con-full e-flex e-con e-child\" data-id=\"18f8b29\" data-element_type=\"container\">\n\t\t\t\t<div class=\"elementor-element elementor-element-be458c5 elementor-position-top elementor-widget elementor-widget-image-box\" data-id=\"be458c5\" data-element_type=\"widget\" data-widget_type=\"image-box.default\">\n\t\t\t\t<div class=\"elementor-widget-container\">\n\t\t\t\t\t<div class=\"elementor-image-box-wrapper\"><figure class=\"elementor-image-box-img\"><a href=\"#elementor-action%3Aaction%3Dlightbox%26settings%3DeyJ1cmwiOiJodHRwczpcL1wvbnVldm8ubG9nb2JhbmQuZXNcL3dwLWNvbnRlbnRcL3VwbG9hZHNcLzIwMjVcLzA1XC9ob2xkZXJzXzAwMjEud2VicCIsInR5cGUiOiJpbWFnZSIsInRpdGxlIjoiaG9sZGVyc18wMDIxIn0%3D\" tabindex=\"-1\"><img decoding=\"async\" width=\"680\" height=\"754\" data-src=\"https:\/\/nuevo.logoband.es\/wp-content\/uploads\/2025\/05\/holders_0021.webp\" class=\"elementor-animation-grow attachment-full size-full wp-image-656 lazyload\" alt=\"\" data-srcset=\"https:\/\/nuevo.logoband.es\/wp-content\/uploads\/2025\/05\/holders_0021.webp 680w, https:\/\/nuevo.logoband.es\/wp-content\/uploads\/2025\/05\/holders_0021-271x300.webp 271w\" data-sizes=\"(max-width: 680px) 100vw, 680px\" src=\"data:image\/svg+xml;base64,PHN2ZyB3aWR0aD0iMSIgaGVpZ2h0PSIxIiB4bWxucz0iaHR0cDovL3d3dy53My5vcmcvMjAwMC9zdmciPjwvc3ZnPg==\" style=\"--smush-placeholder-width: 680px; --smush-placeholder-aspect-ratio: 680\/754;\" \/><\/a><\/figure><\/div>\t\t\t\t<\/div>\n\t\t\t\t<\/div>\n\t\t\t\t<\/div>\n\t\t\t\t\t<\/div>\n\t\t\t\t<\/div>\n\t\t\t\t<\/div>","protected":false},"excerpt":{"rendered":"<p>Fundas de acreditaci\u00f3n Fundas porta acreditaciones personalizadas para eventos y congresos Las fundas de acreditaci\u00f3n son un elemento esencial en la organizaci\u00f3n de eventos, congresos, ferias comerciales y reuniones corporativas. En Logoband ofrecemos fundas porta acreditaciones personalizadas al por mayor, adaptadas a las necesidades de empresas, instituciones y organizadores de eventos que buscan una presentaci\u00f3n [&hellip;]<\/p>","protected":false},"author":1,"featured_media":407,"parent":0,"menu_order":0,"comment_status":"closed","ping_status":"closed","template":"elementor_header_footer","meta":{"footnotes":""},"class_list":["post-646","page","type-page","status-publish","has-post-thumbnail","hentry"],"yoast_head":"<!-- This site is optimized with the Yoast SEO plugin v26.7 - https:\/\/yoast.com\/wordpress\/plugins\/seo\/ -->\n<title>Fundas de acreditaci\u00f3n - Logoband Espa\u00f1a<\/title>\n<meta name=\"description\" content=\"Fundas porta acreditaciones personalizadas para eventos y empresas. Variedad de modelos, materiales y formatos. Pedidos al por mayor.\" \/>\n<meta name=\"robots\" content=\"index, follow, max-snippet:-1, max-image-preview:large, max-video-preview:-1\" \/>\n<link rel=\"canonical\" href=\"https:\/\/nuevo.logoband.es\/en\/fundas-de-acreditacion-al-por-mayor\/\" \/>\n<meta property=\"og:locale\" content=\"en_GB\" \/>\n<meta property=\"og:type\" content=\"article\" \/>\n<meta property=\"og:title\" content=\"Fundas de acreditaci\u00f3n - Logoband Espa\u00f1a\" \/>\n<meta property=\"og:description\" content=\"Fundas porta acreditaciones personalizadas para eventos y empresas. Variedad de modelos, materiales y formatos. Pedidos al por mayor.\" \/>\n<meta property=\"og:url\" content=\"https:\/\/nuevo.logoband.es\/en\/fundas-de-acreditacion-al-por-mayor\/\" \/>\n<meta property=\"og:site_name\" content=\"Logoband Espa\u00f1a\" \/>\n<meta property=\"article:modified_time\" content=\"2025-12-12T11:59:54+00:00\" \/>\n<meta property=\"og:image\" content=\"https:\/\/nuevo.logoband.es\/wp-content\/uploads\/2025\/05\/6.png\" \/>\n\t<meta property=\"og:image:width\" content=\"1366\" \/>\n\t<meta property=\"og:image:height\" content=\"768\" \/>\n\t<meta property=\"og:image:type\" content=\"image\/png\" \/>\n<meta name=\"twitter:card\" content=\"summary_large_image\" \/>\n<meta name=\"twitter:label1\" content=\"Estimated reading time\" \/>\n\t<meta name=\"twitter:data1\" content=\"3 minutes\" \/>\n<script type=\"application\/ld+json\" class=\"yoast-schema-graph\">{\"@context\":\"https:\/\/schema.org\",\"@graph\":[{\"@type\":\"WebPage\",\"@id\":\"https:\/\/nuevo.logoband.es\/fundas-de-acreditacion-al-por-mayor\/\",\"url\":\"https:\/\/nuevo.logoband.es\/fundas-de-acreditacion-al-por-mayor\/\",\"name\":\"Fundas de acreditaci\u00f3n - Logoband Espa\u00f1a\",\"isPartOf\":{\"@id\":\"https:\/\/nuevo.logoband.es\/#website\"},\"primaryImageOfPage\":{\"@id\":\"https:\/\/nuevo.logoband.es\/fundas-de-acreditacion-al-por-mayor\/#primaryimage\"},\"image\":{\"@id\":\"https:\/\/nuevo.logoband.es\/fundas-de-acreditacion-al-por-mayor\/#primaryimage\"},\"thumbnailUrl\":\"https:\/\/nuevo.logoband.es\/wp-content\/uploads\/2025\/05\/6.png\",\"datePublished\":\"2025-05-20T16:45:56+00:00\",\"dateModified\":\"2025-12-12T11:59:54+00:00\",\"description\":\"Fundas porta acreditaciones personalizadas para eventos y empresas. Variedad de modelos, materiales y formatos. Pedidos al por mayor.\",\"breadcrumb\":{\"@id\":\"https:\/\/nuevo.logoband.es\/fundas-de-acreditacion-al-por-mayor\/#breadcrumb\"},\"inLanguage\":\"en-GB\",\"potentialAction\":[{\"@type\":\"ReadAction\",\"target\":[\"https:\/\/nuevo.logoband.es\/fundas-de-acreditacion-al-por-mayor\/\"]}]},{\"@type\":\"ImageObject\",\"inLanguage\":\"en-GB\",\"@id\":\"https:\/\/nuevo.logoband.es\/fundas-de-acreditacion-al-por-mayor\/#primaryimage\",\"url\":\"https:\/\/nuevo.logoband.es\/wp-content\/uploads\/2025\/05\/6.png\",\"contentUrl\":\"https:\/\/nuevo.logoband.es\/wp-content\/uploads\/2025\/05\/6.png\",\"width\":1366,\"height\":768},{\"@type\":\"BreadcrumbList\",\"@id\":\"https:\/\/nuevo.logoband.es\/fundas-de-acreditacion-al-por-mayor\/#breadcrumb\",\"itemListElement\":[{\"@type\":\"ListItem\",\"position\":1,\"name\":\"Portada\",\"item\":\"https:\/\/nuevo.logoband.es\/\"},{\"@type\":\"ListItem\",\"position\":2,\"name\":\"Fundas de acreditaci\u00f3n\"}]},{\"@type\":\"WebSite\",\"@id\":\"https:\/\/nuevo.logoband.es\/#website\",\"url\":\"https:\/\/nuevo.logoband.es\/\",\"name\":\"Logoband Espa\u00f1a\",\"description\":\"Lanyards y pulseras personalizadas\",\"publisher\":{\"@id\":\"https:\/\/nuevo.logoband.es\/#organization\"},\"potentialAction\":[{\"@type\":\"SearchAction\",\"target\":{\"@type\":\"EntryPoint\",\"urlTemplate\":\"https:\/\/nuevo.logoband.es\/?s={search_term_string}\"},\"query-input\":{\"@type\":\"PropertyValueSpecification\",\"valueRequired\":true,\"valueName\":\"search_term_string\"}}],\"inLanguage\":\"en-GB\"},{\"@type\":\"Organization\",\"@id\":\"https:\/\/nuevo.logoband.es\/#organization\",\"name\":\"Logoband Espa\u00f1a\",\"url\":\"https:\/\/nuevo.logoband.es\/\",\"logo\":{\"@type\":\"ImageObject\",\"inLanguage\":\"en-GB\",\"@id\":\"https:\/\/nuevo.logoband.es\/#\/schema\/logo\/image\/\",\"url\":\"http:\/\/nuevo.logoband.es\/wp-content\/uploads\/2025\/03\/Logotipo-PNG.png\",\"contentUrl\":\"http:\/\/nuevo.logoband.es\/wp-content\/uploads\/2025\/03\/Logotipo-PNG.png\",\"width\":500,\"height\":104,\"caption\":\"Logoband Espa\u00f1a\"},\"image\":{\"@id\":\"https:\/\/nuevo.logoband.es\/#\/schema\/logo\/image\/\"}}]}<\/script>\n<!-- \/ Yoast SEO plugin. -->","yoast_head_json":{"title":"Fundas de acreditaci\u00f3n - Logoband Espa\u00f1a","description":"Fundas porta acreditaciones personalizadas para eventos y empresas. Variedad de modelos, materiales y formatos. Pedidos al por mayor.","robots":{"index":"index","follow":"follow","max-snippet":"max-snippet:-1","max-image-preview":"max-image-preview:large","max-video-preview":"max-video-preview:-1"},"canonical":"https:\/\/nuevo.logoband.es\/en\/fundas-de-acreditacion-al-por-mayor\/","og_locale":"en_GB","og_type":"article","og_title":"Fundas de acreditaci\u00f3n - Logoband Espa\u00f1a","og_description":"Fundas porta acreditaciones personalizadas para eventos y empresas. Variedad de modelos, materiales y formatos. Pedidos al por mayor.","og_url":"https:\/\/nuevo.logoband.es\/en\/fundas-de-acreditacion-al-por-mayor\/","og_site_name":"Logoband Espa\u00f1a","article_modified_time":"2025-12-12T11:59:54+00:00","og_image":[{"width":1366,"height":768,"url":"https:\/\/nuevo.logoband.es\/wp-content\/uploads\/2025\/05\/6.png","type":"image\/png"}],"twitter_card":"summary_large_image","twitter_misc":{"Estimated reading time":"3 minutes"},"schema":{"@context":"https:\/\/schema.org","@graph":[{"@type":"WebPage","@id":"https:\/\/nuevo.logoband.es\/fundas-de-acreditacion-al-por-mayor\/","url":"https:\/\/nuevo.logoband.es\/fundas-de-acreditacion-al-por-mayor\/","name":"Fundas de acreditaci\u00f3n - Logoband Espa\u00f1a","isPartOf":{"@id":"https:\/\/nuevo.logoband.es\/#website"},"primaryImageOfPage":{"@id":"https:\/\/nuevo.logoband.es\/fundas-de-acreditacion-al-por-mayor\/#primaryimage"},"image":{"@id":"https:\/\/nuevo.logoband.es\/fundas-de-acreditacion-al-por-mayor\/#primaryimage"},"thumbnailUrl":"https:\/\/nuevo.logoband.es\/wp-content\/uploads\/2025\/05\/6.png","datePublished":"2025-05-20T16:45:56+00:00","dateModified":"2025-12-12T11:59:54+00:00","description":"Fundas porta acreditaciones personalizadas para eventos y empresas. Variedad de modelos, materiales y formatos. Pedidos al por mayor.","breadcrumb":{"@id":"https:\/\/nuevo.logoband.es\/fundas-de-acreditacion-al-por-mayor\/#breadcrumb"},"inLanguage":"en-GB","potentialAction":[{"@type":"ReadAction","target":["https:\/\/nuevo.logoband.es\/fundas-de-acreditacion-al-por-mayor\/"]}]},{"@type":"ImageObject","inLanguage":"en-GB","@id":"https:\/\/nuevo.logoband.es\/fundas-de-acreditacion-al-por-mayor\/#primaryimage","url":"https:\/\/nuevo.logoband.es\/wp-content\/uploads\/2025\/05\/6.png","contentUrl":"https:\/\/nuevo.logoband.es\/wp-content\/uploads\/2025\/05\/6.png","width":1366,"height":768},{"@type":"BreadcrumbList","@id":"https:\/\/nuevo.logoband.es\/fundas-de-acreditacion-al-por-mayor\/#breadcrumb","itemListElement":[{"@type":"ListItem","position":1,"name":"Portada","item":"https:\/\/nuevo.logoband.es\/"},{"@type":"ListItem","position":2,"name":"Fundas de acreditaci\u00f3n"}]},{"@type":"WebSite","@id":"https:\/\/nuevo.logoband.es\/#website","url":"https:\/\/nuevo.logoband.es\/","name":"Logoband Espa\u00f1a","description":"Lanyards y pulseras personalizadas","publisher":{"@id":"https:\/\/nuevo.logoband.es\/#organization"},"potentialAction":[{"@type":"SearchAction","target":{"@type":"EntryPoint","urlTemplate":"https:\/\/nuevo.logoband.es\/?s={search_term_string}"},"query-input":{"@type":"PropertyValueSpecification","valueRequired":true,"valueName":"search_term_string"}}],"inLanguage":"en-GB"},{"@type":"Organization","@id":"https:\/\/nuevo.logoband.es\/#organization","name":"Logoband Espa\u00f1a","url":"https:\/\/nuevo.logoband.es\/","logo":{"@type":"ImageObject","inLanguage":"en-GB","@id":"https:\/\/nuevo.logoband.es\/#\/schema\/logo\/image\/","url":"http:\/\/nuevo.logoband.es\/wp-content\/uploads\/2025\/03\/Logotipo-PNG.png","contentUrl":"http:\/\/nuevo.logoband.es\/wp-content\/uploads\/2025\/03\/Logotipo-PNG.png","width":500,"height":104,"caption":"Logoband Espa\u00f1a"},"image":{"@id":"https:\/\/nuevo.logoband.es\/#\/schema\/logo\/image\/"}}]}},"_links":{"self":[{"href":"https:\/\/nuevo.logoband.es\/en\/wp-json\/wp\/v2\/pages\/646","targetHints":{"allow":["GET"]}}],"collection":[{"href":"https:\/\/nuevo.logoband.es\/en\/wp-json\/wp\/v2\/pages"}],"about":[{"href":"https:\/\/nuevo.logoband.es\/en\/wp-json\/wp\/v2\/types\/page"}],"author":[{"embeddable":true,"href":"https:\/\/nuevo.logoband.es\/en\/wp-json\/wp\/v2\/users\/1"}],"replies":[{"embeddable":true,"href":"https:\/\/nuevo.logoband.es\/en\/wp-json\/wp\/v2\/comments?post=646"}],"version-history":[{"count":37,"href":"https:\/\/nuevo.logoband.es\/en\/wp-json\/wp\/v2\/pages\/646\/revisions"}],"predecessor-version":[{"id":3683,"href":"https:\/\/nuevo.logoband.es\/en\/wp-json\/wp\/v2\/pages\/646\/revisions\/3683"}],"wp:featuredmedia":[{"embeddable":true,"href":"https:\/\/nuevo.logoband.es\/en\/wp-json\/wp\/v2\/media\/407"}],"wp:attachment":[{"href":"https:\/\/nuevo.logoband.es\/en\/wp-json\/wp\/v2\/media?parent=646"}],"curies":[{"name":"wp","href":"https:\/\/api.w.org\/{rel}","templated":true}]}}