{"id":623,"date":"2025-05-20T14:49:42","date_gmt":"2025-05-20T12:49:42","guid":{"rendered":"https:\/\/nuevo.logoband.es\/?page_id=623"},"modified":"2025-12-01T15:39:34","modified_gmt":"2025-12-01T14:39:34","slug":"memorias-usb-personalizadas-para-empresas","status":"publish","type":"page","link":"https:\/\/nuevo.logoband.es\/en\/memorias-usb-personalizadas-para-empresas\/","title":{"rendered":"Memorias USB personalizadas"},"content":{"rendered":"<div data-elementor-type=\"wp-page\" data-elementor-id=\"623\" class=\"elementor elementor-623\" data-elementor-post-type=\"page\">\n\t\t\t\t<div class=\"elementor-element elementor-element-1080384 e-flex e-con-boxed e-con e-parent\" data-id=\"1080384\" data-element_type=\"container\" data-settings=\"{&quot;background_background&quot;:&quot;classic&quot;}\">\n\t\t\t\t\t<div class=\"e-con-inner\">\n\t\t<div class=\"elementor-element elementor-element-0f1049e e-con-full e-flex e-con e-child\" data-id=\"0f1049e\" data-element_type=\"container\">\n\t\t\t\t<div class=\"elementor-element elementor-element-9aca590 elementor-widget elementor-widget-heading\" data-id=\"9aca590\" data-element_type=\"widget\" data-widget_type=\"heading.default\">\n\t\t\t\t<div class=\"elementor-widget-container\">\n\t\t\t\t\t<h1 class=\"elementor-heading-title elementor-size-default\">Memorias USB personalizadas<\/h1>\t\t\t\t<\/div>\n\t\t\t\t<\/div>\n\t\t\t\t<\/div>\n\t\t\t\t\t<\/div>\n\t\t\t\t<\/div>\n\t\t<div class=\"elementor-element elementor-element-7a10807 e-flex e-con-boxed e-con e-parent\" data-id=\"7a10807\" data-element_type=\"container\">\n\t\t\t\t\t<div class=\"e-con-inner\">\n\t\t<div class=\"elementor-element elementor-element-f6e07cd e-con-full e-flex e-con e-child\" data-id=\"f6e07cd\" data-element_type=\"container\">\n\t\t\t\t<div class=\"elementor-element elementor-element-699c20b elementor-position-top elementor-widget elementor-widget-image-box\" data-id=\"699c20b\" data-element_type=\"widget\" data-widget_type=\"image-box.default\">\n\t\t\t\t<div class=\"elementor-widget-container\">\n\t\t\t\t\t<div class=\"elementor-image-box-wrapper\"><figure class=\"elementor-image-box-img\"><a href=\"https:\/\/nuevo.logoband.es\/en\/memorias-usb\/\" tabindex=\"-1\"><img decoding=\"async\" width=\"150\" height=\"150\" data-src=\"https:\/\/nuevo.logoband.es\/wp-content\/uploads\/2025\/09\/2_12-150x150.webp\" class=\"elementor-animation-grow attachment-thumbnail size-thumbnail wp-image-3165 lazyload\" alt=\"\" data-srcset=\"https:\/\/nuevo.logoband.es\/wp-content\/uploads\/2025\/09\/2_12-150x150.webp 150w, https:\/\/nuevo.logoband.es\/wp-content\/uploads\/2025\/09\/2_12-12x12.webp 12w, https:\/\/nuevo.logoband.es\/wp-content\/uploads\/2025\/09\/2_12.webp 250w\" data-sizes=\"(max-width: 150px) 100vw, 150px\" src=\"data:image\/svg+xml;base64,PHN2ZyB3aWR0aD0iMSIgaGVpZ2h0PSIxIiB4bWxucz0iaHR0cDovL3d3dy53My5vcmcvMjAwMC9zdmciPjwvc3ZnPg==\" style=\"--smush-placeholder-width: 150px; --smush-placeholder-aspect-ratio: 150\/150;\" \/><\/a><\/figure><div class=\"elementor-image-box-content\"><h3 class=\"elementor-image-box-title\"><a href=\"https:\/\/nuevo.logoband.es\/en\/memorias-usb\/\">Memorias USB<\/a><\/h3><p class=\"elementor-image-box-description\">\u2714 Tiempo de entrega: 7 d\u00edas<br>\u2714 Minimum order: 50 units.<\/p><\/div><\/div>\t\t\t\t<\/div>\n\t\t\t\t<\/div>\n\t\t\t\t<\/div>\n\t\t<div class=\"elementor-element elementor-element-f5cd94f e-con-full e-flex e-con e-child\" data-id=\"f5cd94f\" data-element_type=\"container\">\n\t\t\t\t<div class=\"elementor-element elementor-element-c2a0396 elementor-position-top elementor-widget elementor-widget-image-box\" data-id=\"c2a0396\" data-element_type=\"widget\" data-widget_type=\"image-box.default\">\n\t\t\t\t<div class=\"elementor-widget-container\">\n\t\t\t\t\t<div class=\"elementor-image-box-wrapper\"><figure class=\"elementor-image-box-img\"><a href=\"https:\/\/nuevo.logoband.es\/en\/tarjetas-usb\/\" tabindex=\"-1\"><img decoding=\"async\" width=\"150\" height=\"150\" data-src=\"https:\/\/nuevo.logoband.es\/wp-content\/uploads\/2025\/09\/3_0-150x150.webp\" class=\"elementor-animation-grow attachment-thumbnail size-thumbnail wp-image-3166 lazyload\" alt=\"\" data-srcset=\"https:\/\/nuevo.logoband.es\/wp-content\/uploads\/2025\/09\/3_0-150x150.webp 150w, https:\/\/nuevo.logoband.es\/wp-content\/uploads\/2025\/09\/3_0-12x12.webp 12w, https:\/\/nuevo.logoband.es\/wp-content\/uploads\/2025\/09\/3_0.webp 280w\" data-sizes=\"(max-width: 150px) 100vw, 150px\" src=\"data:image\/svg+xml;base64,PHN2ZyB3aWR0aD0iMSIgaGVpZ2h0PSIxIiB4bWxucz0iaHR0cDovL3d3dy53My5vcmcvMjAwMC9zdmciPjwvc3ZnPg==\" style=\"--smush-placeholder-width: 150px; --smush-placeholder-aspect-ratio: 150\/150;\" \/><\/a><\/figure><div class=\"elementor-image-box-content\"><h3 class=\"elementor-image-box-title\"><a href=\"https:\/\/nuevo.logoband.es\/en\/tarjetas-usb\/\">Tarjetas USB<\/a><\/h3><p class=\"elementor-image-box-description\">\u2714 Tiempo de entrega: 7 d\u00edas<br>\u2714 Minimum order: 100 units.<\/p><\/div><\/div>\t\t\t\t<\/div>\n\t\t\t\t<\/div>\n\t\t\t\t<\/div>\n\t\t<div class=\"elementor-element elementor-element-e3fafa3 e-con-full e-flex e-con e-child\" data-id=\"e3fafa3\" data-element_type=\"container\">\n\t\t\t\t<div class=\"elementor-element elementor-element-d10e303 elementor-position-top elementor-widget elementor-widget-image-box\" data-id=\"d10e303\" data-element_type=\"widget\" data-widget_type=\"image-box.default\">\n\t\t\t\t<div class=\"elementor-widget-container\">\n\t\t\t\t\t<div class=\"elementor-image-box-wrapper\"><figure class=\"elementor-image-box-img\"><a href=\"https:\/\/nuevo.logoband.es\/en\/boligrafos-usb\/\" tabindex=\"-1\"><img decoding=\"async\" width=\"150\" height=\"150\" data-src=\"https:\/\/nuevo.logoband.es\/wp-content\/uploads\/2025\/09\/1_2-150x150.webp\" class=\"elementor-animation-grow attachment-thumbnail size-thumbnail wp-image-3167 lazyload\" alt=\"\" data-srcset=\"https:\/\/nuevo.logoband.es\/wp-content\/uploads\/2025\/09\/1_2-150x150.webp 150w, https:\/\/nuevo.logoband.es\/wp-content\/uploads\/2025\/09\/1_2-300x300.webp 300w, https:\/\/nuevo.logoband.es\/wp-content\/uploads\/2025\/09\/1_2-12x12.webp 12w, https:\/\/nuevo.logoband.es\/wp-content\/uploads\/2025\/09\/1_2.webp 400w\" data-sizes=\"(max-width: 150px) 100vw, 150px\" src=\"data:image\/svg+xml;base64,PHN2ZyB3aWR0aD0iMSIgaGVpZ2h0PSIxIiB4bWxucz0iaHR0cDovL3d3dy53My5vcmcvMjAwMC9zdmciPjwvc3ZnPg==\" style=\"--smush-placeholder-width: 150px; --smush-placeholder-aspect-ratio: 150\/150;\" \/><\/a><\/figure><div class=\"elementor-image-box-content\"><h3 class=\"elementor-image-box-title\"><a href=\"https:\/\/nuevo.logoband.es\/en\/boligrafos-usb\/\">Bol\u00edgrafos USB<\/a><\/h3><p class=\"elementor-image-box-description\">\u2714 Tiempo de entrega: 7 d\u00edas<br>\u2714 Minimum order: 100 units.<\/p><\/div><\/div>\t\t\t\t<\/div>\n\t\t\t\t<\/div>\n\t\t\t\t<\/div>\n\t\t\t\t\t<\/div>\n\t\t\t\t<\/div>\n\t\t<div class=\"elementor-element elementor-element-834ea4f e-flex e-con-boxed e-con e-parent\" data-id=\"834ea4f\" data-element_type=\"container\">\n\t\t\t\t\t<div class=\"e-con-inner\">\n\t\t<div class=\"elementor-element elementor-element-f633802 e-con-full e-flex e-con e-child\" data-id=\"f633802\" data-element_type=\"container\">\n\t\t\t\t<div class=\"elementor-element elementor-element-ba23c34 elementor-position-top elementor-widget elementor-widget-image-box\" data-id=\"ba23c34\" data-element_type=\"widget\" data-widget_type=\"image-box.default\">\n\t\t\t\t<div class=\"elementor-widget-container\">\n\t\t\t\t\t<div class=\"elementor-image-box-wrapper\"><figure class=\"elementor-image-box-img\"><a href=\"https:\/\/nuevo.logoband.es\/en\/usb-ecologicos\/\" tabindex=\"-1\"><img decoding=\"async\" width=\"150\" height=\"150\" data-src=\"https:\/\/nuevo.logoband.es\/wp-content\/uploads\/2025\/09\/eco-usb-150x150.webp\" class=\"elementor-animation-grow attachment-thumbnail size-thumbnail wp-image-3168 lazyload\" alt=\"\" src=\"data:image\/svg+xml;base64,PHN2ZyB3aWR0aD0iMSIgaGVpZ2h0PSIxIiB4bWxucz0iaHR0cDovL3d3dy53My5vcmcvMjAwMC9zdmciPjwvc3ZnPg==\" style=\"--smush-placeholder-width: 150px; --smush-placeholder-aspect-ratio: 150\/150;\" \/><\/a><\/figure><div class=\"elementor-image-box-content\"><h3 class=\"elementor-image-box-title\"><a href=\"https:\/\/nuevo.logoband.es\/en\/usb-ecologicos\/\">USB<br>ecol\u00f3gicos<\/a><\/h3><p class=\"elementor-image-box-description\">\u2714 Delivery time: 10 days<br>\u2714 Minimum order: 100 units.<\/p><\/div><\/div>\t\t\t\t<\/div>\n\t\t\t\t<\/div>\n\t\t\t\t<\/div>\n\t\t<div class=\"elementor-element elementor-element-3a1e5e1 e-con-full e-flex e-con e-child\" data-id=\"3a1e5e1\" data-element_type=\"container\">\n\t\t\t\t<div class=\"elementor-element elementor-element-47c2701 elementor-position-top elementor-widget elementor-widget-image-box\" data-id=\"47c2701\" data-element_type=\"widget\" data-widget_type=\"image-box.default\">\n\t\t\t\t<div class=\"elementor-widget-container\">\n\t\t\t\t\t<div class=\"elementor-image-box-wrapper\"><figure class=\"elementor-image-box-img\"><a href=\"https:\/\/nuevo.logoband.es\/en\/pulseras-usb\/\" tabindex=\"-1\"><img decoding=\"async\" width=\"300\" height=\"169\" data-src=\"https:\/\/nuevo.logoband.es\/wp-content\/uploads\/2025\/05\/pulsers-usb-320x180-1-300x169.webp\" class=\"elementor-animation-grow attachment-medium size-medium wp-image-634 lazyload\" alt=\"\" data-srcset=\"https:\/\/nuevo.logoband.es\/wp-content\/uploads\/2025\/05\/pulsers-usb-320x180-1-300x169.webp 300w, https:\/\/nuevo.logoband.es\/wp-content\/uploads\/2025\/05\/pulsers-usb-320x180-1.webp 320w\" data-sizes=\"(max-width: 300px) 100vw, 300px\" src=\"data:image\/svg+xml;base64,PHN2ZyB3aWR0aD0iMSIgaGVpZ2h0PSIxIiB4bWxucz0iaHR0cDovL3d3dy53My5vcmcvMjAwMC9zdmciPjwvc3ZnPg==\" style=\"--smush-placeholder-width: 300px; --smush-placeholder-aspect-ratio: 300\/169;\" \/><\/a><\/figure><div class=\"elementor-image-box-content\"><h3 class=\"elementor-image-box-title\"><a href=\"https:\/\/nuevo.logoband.es\/en\/pulseras-usb\/\">Bracelets<br>USB<\/a><\/h3><p class=\"elementor-image-box-description\">\u2714 Delivery time: 10 days<br>\u2714 Minimum order: 100 units.<\/p><\/div><\/div>\t\t\t\t<\/div>\n\t\t\t\t<\/div>\n\t\t\t\t<\/div>\n\t\t<div class=\"elementor-element elementor-element-ba64fdc e-con-full e-flex e-con e-child\" data-id=\"ba64fdc\" data-element_type=\"container\">\n\t\t\t\t<div class=\"elementor-element elementor-element-e3e7c23 elementor-position-top elementor-widget elementor-widget-image-box\" data-id=\"e3e7c23\" data-element_type=\"widget\" data-widget_type=\"image-box.default\">\n\t\t\t\t<div class=\"elementor-widget-container\">\n\t\t\t\t\t<div class=\"elementor-image-box-wrapper\"><figure class=\"elementor-image-box-img\"><a href=\"https:\/\/nuevo.logoband.es\/en\/usb-forma-personalizada\/\" tabindex=\"-1\"><img decoding=\"async\" width=\"300\" height=\"169\" data-src=\"https:\/\/nuevo.logoband.es\/wp-content\/uploads\/2025\/05\/custom-usb-320x180-1-300x169.webp\" class=\"elementor-animation-grow attachment-medium size-medium wp-image-635 lazyload\" alt=\"\" data-srcset=\"https:\/\/nuevo.logoband.es\/wp-content\/uploads\/2025\/05\/custom-usb-320x180-1-300x169.webp 300w, https:\/\/nuevo.logoband.es\/wp-content\/uploads\/2025\/05\/custom-usb-320x180-1.webp 320w\" data-sizes=\"(max-width: 300px) 100vw, 300px\" src=\"data:image\/svg+xml;base64,PHN2ZyB3aWR0aD0iMSIgaGVpZ2h0PSIxIiB4bWxucz0iaHR0cDovL3d3dy53My5vcmcvMjAwMC9zdmciPjwvc3ZnPg==\" style=\"--smush-placeholder-width: 300px; --smush-placeholder-aspect-ratio: 300\/169;\" \/><\/a><\/figure><div class=\"elementor-image-box-content\"><h3 class=\"elementor-image-box-title\"><a href=\"https:\/\/nuevo.logoband.es\/en\/usb-forma-personalizada\/\">USB forma personalizada<\/a><\/h3><p class=\"elementor-image-box-description\">\u2714 Delivery time: 20 days<br>\u2714 Minimum order: 100 units.<\/p><\/div><\/div>\t\t\t\t<\/div>\n\t\t\t\t<\/div>\n\t\t\t\t<\/div>\n\t\t\t\t\t<\/div>\n\t\t\t\t<\/div>\n\t\t<div class=\"elementor-element elementor-element-a609117 e-flex e-con-boxed e-con e-parent\" data-id=\"a609117\" data-element_type=\"container\">\n\t\t\t\t\t<div class=\"e-con-inner\">\n\t\t\t\t<div class=\"elementor-element elementor-element-1634e67 elementor-widget elementor-widget-text-editor\" data-id=\"1634e67\" data-element_type=\"widget\" data-widget_type=\"text-editor.default\">\n\t\t\t\t<div class=\"elementor-widget-container\">\n\t\t\t\t\t\t\t\t\t<h5 class=\"text-xs-center\">Memorias USB Personalizadas para Empresas y Eventos<\/h5><p>Si est\u00e1s buscando una forma efectiva de promocionar tu marca o regalar un detalle \u00fanico y \u00fatil en tu pr\u00f3ximo evento, las memorias USB personalizadas son la opci\u00f3n perfecta. En nuestra tienda online, ofrecemos una amplia variedad de memorias USB personalizadas ideales para empresas, ferias, congresos, eventos corporativos y m\u00e1s. Con env\u00edo a toda Europa, podr\u00e1s recibir tus productos directamente en tu puerta, sin importar d\u00f3nde te encuentres.<\/p><p>Contamos con una gran variedad de opciones de memorias USB personalizadas que se adaptan a cualquier tipo de evento o campa\u00f1a promocional. Puedes elegir entre diferentes estilos y dise\u00f1os, como bol\u00edgrafos USB, tarjetas USB, pulseras USB y memorias USB ecol\u00f3gicas. Cada opci\u00f3n se puede personalizar con tu logotipo, mensaje o dise\u00f1o, lo que convierte a estos productos en una herramienta de marketing altamente efectiva para aumentar la visibilidad de tu marca.<\/p>\t\t\t\t\t\t\t\t<\/div>\n\t\t\t\t<\/div>\n\t\t\t\t\t<\/div>\n\t\t\t\t<\/div>\n\t\t<div class=\"elementor-element elementor-element-16f4264 e-flex e-con-boxed e-con e-parent\" data-id=\"16f4264\" data-element_type=\"container\">\n\t\t\t\t\t<div class=\"e-con-inner\">\n\t\t\t\t<div class=\"elementor-element elementor-element-19694d2 elementor-widget elementor-widget-text-editor\" data-id=\"19694d2\" data-element_type=\"widget\" data-widget_type=\"text-editor.default\">\n\t\t\t\t<div class=\"elementor-widget-container\">\n\t\t\t\t\t\t\t\t\t<h5>Ventajas de comprar memorias USB personalizadas con env\u00edo a toda Europa<\/h5><p>Comprar memorias USB personalizadas con nosotros tiene numerosas ventajas. Nos aseguramos de que cada producto est\u00e9 dise\u00f1ado con la m\u00e1s alta calidad, y ofrecemos opciones de personalizaci\u00f3n ilimitadas para que tu logo o mensaje destaque de manera profesional. Adem\u00e1s, te ofrecemos env\u00edo a toda Europa, garantizando que puedas recibir tus productos a tiempo y sin complicaciones, independientemente de la ubicaci\u00f3n de tu empresa o evento.<\/p><h5 data-start=\"233\" data-end=\"287\">Memorias USB personalizadas para empresas y eventos<\/h5><p class=\"\" data-start=\"289\" data-end=\"644\">Las memorias USB personalizadas son una herramienta \u00fatil y vers\u00e1til tanto para promocionar tu marca como para ofrecer un detalle corporativo pr\u00e1ctico. En Logoband, ponemos a tu disposici\u00f3n una amplia gama de modelos y capacidades de almacenamiento, con opciones de personalizaci\u00f3n completas para que tu logotipo o mensaje destaque con calidad profesional.<\/p><p class=\"\" data-start=\"646\" data-end=\"951\">Disponemos de USBs en formatos cl\u00e1sicos, ecol\u00f3gicos, met\u00e1licos, con forma de tarjeta o incluso modelos personalizados con formas \u00fanicas. Gracias a nuestras t\u00e9cnicas de impresi\u00f3n avanzada (serigraf\u00eda, l\u00e1ser, UV, etc.), cada unidad se convierte en una pieza distintiva que potencia la identidad de tu marca.<\/p><h5 data-start=\"953\" data-end=\"1007\">USB personalizados al por mayor con m\u00e1xima calidad<\/h5><p class=\"\" data-start=\"1009\" data-end=\"1343\">Trabajamos exclusivamente con pedidos al por mayor, lo que nos permite ofrecer precios competitivos y un servicio adaptado a empresas, agencias y organizadores de eventos. Garantizamos procesos de producci\u00f3n eficientes y controlados, lo que nos permite mantener est\u00e1ndares altos de calidad en cada lote de memorias USB personalizadas.<\/p><p class=\"\" data-start=\"1345\" data-end=\"1534\">Tambi\u00e9n ofrecemos opciones de precarga de archivos, empaquetado personalizado y accesorios, para que tus memorias est\u00e9n listas para entregar a clientes o asistentes desde el primer momento.<\/p><p class=\"\" data-start=\"1536\" data-end=\"1771\">Nuestro servicio de env\u00edo a toda Europa asegura que recibas tu pedido puntualmente, est\u00e9s donde est\u00e9s. Con Logoband, obtienes mucho m\u00e1s que un producto: recibes un servicio profesional, r\u00e1pido y adaptado a tus necesidades corporativas.<\/p><p class=\"\" data-start=\"1773\" data-end=\"1901\">Solicita ahora tu presupuesto sin compromiso y personaliza tus memorias USB con el estilo y funcionalidad que tu empresa merece.<\/p>\t\t\t\t\t\t\t\t<\/div>\n\t\t\t\t<\/div>\n\t\t\t\t\t<\/div>\n\t\t\t\t<\/div>\n\t\t\t\t<\/div>","protected":false},"excerpt":{"rendered":"<p>Memorias USB personalizadas Memorias USB \u2714 Tiempo de entrega: 7 d\u00edas\u2714 Pedido m\u00ednimo: 50 uds. Tarjetas USB \u2714 Tiempo de entrega: 7 d\u00edas\u2714 Pedido m\u00ednimo: 100 uds. Bol\u00edgrafos USB \u2714 Tiempo de entrega: 7 d\u00edas\u2714 Pedido m\u00ednimo: 100 uds. USBecol\u00f3gicos \u2714 Tiempo de entrega: 10 d\u00edas\u2714 Pedido m\u00ednimo: 100 uds. PulserasUSB \u2714 Tiempo de entrega: [&hellip;]<\/p>","protected":false},"author":1,"featured_media":624,"parent":0,"menu_order":0,"comment_status":"closed","ping_status":"closed","template":"elementor_header_footer","meta":{"footnotes":""},"class_list":["post-623","page","type-page","status-publish","has-post-thumbnail","hentry"],"yoast_head":"<!-- This site is optimized with the Yoast SEO plugin v26.7 - https:\/\/yoast.com\/wordpress\/plugins\/seo\/ -->\n<title>Memorias USB personalizadas - Logoband Espa\u00f1a<\/title>\n<meta name=\"description\" content=\"Memorias USB personalizadas para empresas y eventos. Variedad de modelos, impresi\u00f3n a medida y pedidos al por mayor con entrega r\u00e1pida.\" \/>\n<meta name=\"robots\" content=\"index, follow, max-snippet:-1, max-image-preview:large, max-video-preview:-1\" \/>\n<link rel=\"canonical\" href=\"https:\/\/nuevo.logoband.es\/en\/memorias-usb-personalizadas-para-empresas\/\" \/>\n<meta property=\"og:locale\" content=\"en_GB\" \/>\n<meta property=\"og:type\" content=\"article\" \/>\n<meta property=\"og:title\" content=\"Memorias USB personalizadas - Logoband Espa\u00f1a\" \/>\n<meta property=\"og:description\" content=\"Memorias USB personalizadas para empresas y eventos. Variedad de modelos, impresi\u00f3n a medida y pedidos al por mayor con entrega r\u00e1pida.\" \/>\n<meta property=\"og:url\" content=\"https:\/\/nuevo.logoband.es\/en\/memorias-usb-personalizadas-para-empresas\/\" \/>\n<meta property=\"og:site_name\" content=\"Logoband Espa\u00f1a\" \/>\n<meta property=\"article:modified_time\" content=\"2025-12-01T14:39:34+00:00\" \/>\n<meta property=\"og:image\" content=\"https:\/\/nuevo.logoband.es\/wp-content\/uploads\/2025\/05\/IMG_E7934-scaled.jpg\" \/>\n\t<meta property=\"og:image:width\" content=\"2560\" \/>\n\t<meta property=\"og:image:height\" content=\"1920\" \/>\n\t<meta property=\"og:image:type\" content=\"image\/jpeg\" \/>\n<meta name=\"twitter:card\" content=\"summary_large_image\" \/>\n<script type=\"application\/ld+json\" class=\"yoast-schema-graph\">{\"@context\":\"https:\/\/schema.org\",\"@graph\":[{\"@type\":\"WebPage\",\"@id\":\"https:\/\/nuevo.logoband.es\/memorias-usb-personalizadas-para-empresas\/\",\"url\":\"https:\/\/nuevo.logoband.es\/memorias-usb-personalizadas-para-empresas\/\",\"name\":\"Memorias USB personalizadas - Logoband Espa\u00f1a\",\"isPartOf\":{\"@id\":\"https:\/\/nuevo.logoband.es\/#website\"},\"primaryImageOfPage\":{\"@id\":\"https:\/\/nuevo.logoband.es\/memorias-usb-personalizadas-para-empresas\/#primaryimage\"},\"image\":{\"@id\":\"https:\/\/nuevo.logoband.es\/memorias-usb-personalizadas-para-empresas\/#primaryimage\"},\"thumbnailUrl\":\"https:\/\/nuevo.logoband.es\/wp-content\/uploads\/2025\/05\/IMG_E7934-scaled.jpg\",\"datePublished\":\"2025-05-20T12:49:42+00:00\",\"dateModified\":\"2025-12-01T14:39:34+00:00\",\"description\":\"Memorias USB personalizadas para empresas y eventos. Variedad de modelos, impresi\u00f3n a medida y pedidos al por mayor con entrega r\u00e1pida.\",\"breadcrumb\":{\"@id\":\"https:\/\/nuevo.logoband.es\/memorias-usb-personalizadas-para-empresas\/#breadcrumb\"},\"inLanguage\":\"en-GB\",\"potentialAction\":[{\"@type\":\"ReadAction\",\"target\":[\"https:\/\/nuevo.logoband.es\/memorias-usb-personalizadas-para-empresas\/\"]}]},{\"@type\":\"ImageObject\",\"inLanguage\":\"en-GB\",\"@id\":\"https:\/\/nuevo.logoband.es\/memorias-usb-personalizadas-para-empresas\/#primaryimage\",\"url\":\"https:\/\/nuevo.logoband.es\/wp-content\/uploads\/2025\/05\/IMG_E7934-scaled.jpg\",\"contentUrl\":\"https:\/\/nuevo.logoband.es\/wp-content\/uploads\/2025\/05\/IMG_E7934-scaled.jpg\",\"width\":2560,\"height\":1920,\"caption\":\"Memorias USB personalizadas al por mayor\"},{\"@type\":\"BreadcrumbList\",\"@id\":\"https:\/\/nuevo.logoband.es\/memorias-usb-personalizadas-para-empresas\/#breadcrumb\",\"itemListElement\":[{\"@type\":\"ListItem\",\"position\":1,\"name\":\"Portada\",\"item\":\"https:\/\/nuevo.logoband.es\/\"},{\"@type\":\"ListItem\",\"position\":2,\"name\":\"Memorias USB personalizadas\"}]},{\"@type\":\"WebSite\",\"@id\":\"https:\/\/nuevo.logoband.es\/#website\",\"url\":\"https:\/\/nuevo.logoband.es\/\",\"name\":\"Logoband Espa\u00f1a\",\"description\":\"Lanyards y pulseras personalizadas\",\"publisher\":{\"@id\":\"https:\/\/nuevo.logoband.es\/#organization\"},\"potentialAction\":[{\"@type\":\"SearchAction\",\"target\":{\"@type\":\"EntryPoint\",\"urlTemplate\":\"https:\/\/nuevo.logoband.es\/?s={search_term_string}\"},\"query-input\":{\"@type\":\"PropertyValueSpecification\",\"valueRequired\":true,\"valueName\":\"search_term_string\"}}],\"inLanguage\":\"en-GB\"},{\"@type\":\"Organization\",\"@id\":\"https:\/\/nuevo.logoband.es\/#organization\",\"name\":\"Logoband Espa\u00f1a\",\"url\":\"https:\/\/nuevo.logoband.es\/\",\"logo\":{\"@type\":\"ImageObject\",\"inLanguage\":\"en-GB\",\"@id\":\"https:\/\/nuevo.logoband.es\/#\/schema\/logo\/image\/\",\"url\":\"http:\/\/nuevo.logoband.es\/wp-content\/uploads\/2025\/03\/Logotipo-PNG.png\",\"contentUrl\":\"http:\/\/nuevo.logoband.es\/wp-content\/uploads\/2025\/03\/Logotipo-PNG.png\",\"width\":500,\"height\":104,\"caption\":\"Logoband Espa\u00f1a\"},\"image\":{\"@id\":\"https:\/\/nuevo.logoband.es\/#\/schema\/logo\/image\/\"}}]}<\/script>\n<!-- \/ Yoast SEO plugin. -->","yoast_head_json":{"title":"Memorias USB personalizadas - Logoband Espa\u00f1a","description":"Memorias USB personalizadas para empresas y eventos. Variedad de modelos, impresi\u00f3n a medida y pedidos al por mayor con entrega r\u00e1pida.","robots":{"index":"index","follow":"follow","max-snippet":"max-snippet:-1","max-image-preview":"max-image-preview:large","max-video-preview":"max-video-preview:-1"},"canonical":"https:\/\/nuevo.logoband.es\/en\/memorias-usb-personalizadas-para-empresas\/","og_locale":"en_GB","og_type":"article","og_title":"Memorias USB personalizadas - Logoband Espa\u00f1a","og_description":"Memorias USB personalizadas para empresas y eventos. Variedad de modelos, impresi\u00f3n a medida y pedidos al por mayor con entrega r\u00e1pida.","og_url":"https:\/\/nuevo.logoband.es\/en\/memorias-usb-personalizadas-para-empresas\/","og_site_name":"Logoband Espa\u00f1a","article_modified_time":"2025-12-01T14:39:34+00:00","og_image":[{"width":2560,"height":1920,"url":"https:\/\/nuevo.logoband.es\/wp-content\/uploads\/2025\/05\/IMG_E7934-scaled.jpg","type":"image\/jpeg"}],"twitter_card":"summary_large_image","schema":{"@context":"https:\/\/schema.org","@graph":[{"@type":"WebPage","@id":"https:\/\/nuevo.logoband.es\/memorias-usb-personalizadas-para-empresas\/","url":"https:\/\/nuevo.logoband.es\/memorias-usb-personalizadas-para-empresas\/","name":"Memorias USB personalizadas - Logoband Espa\u00f1a","isPartOf":{"@id":"https:\/\/nuevo.logoband.es\/#website"},"primaryImageOfPage":{"@id":"https:\/\/nuevo.logoband.es\/memorias-usb-personalizadas-para-empresas\/#primaryimage"},"image":{"@id":"https:\/\/nuevo.logoband.es\/memorias-usb-personalizadas-para-empresas\/#primaryimage"},"thumbnailUrl":"https:\/\/nuevo.logoband.es\/wp-content\/uploads\/2025\/05\/IMG_E7934-scaled.jpg","datePublished":"2025-05-20T12:49:42+00:00","dateModified":"2025-12-01T14:39:34+00:00","description":"Memorias USB personalizadas para empresas y eventos. Variedad de modelos, impresi\u00f3n a medida y pedidos al por mayor con entrega r\u00e1pida.","breadcrumb":{"@id":"https:\/\/nuevo.logoband.es\/memorias-usb-personalizadas-para-empresas\/#breadcrumb"},"inLanguage":"en-GB","potentialAction":[{"@type":"ReadAction","target":["https:\/\/nuevo.logoband.es\/memorias-usb-personalizadas-para-empresas\/"]}]},{"@type":"ImageObject","inLanguage":"en-GB","@id":"https:\/\/nuevo.logoband.es\/memorias-usb-personalizadas-para-empresas\/#primaryimage","url":"https:\/\/nuevo.logoband.es\/wp-content\/uploads\/2025\/05\/IMG_E7934-scaled.jpg","contentUrl":"https:\/\/nuevo.logoband.es\/wp-content\/uploads\/2025\/05\/IMG_E7934-scaled.jpg","width":2560,"height":1920,"caption":"Memorias USB personalizadas al por mayor"},{"@type":"BreadcrumbList","@id":"https:\/\/nuevo.logoband.es\/memorias-usb-personalizadas-para-empresas\/#breadcrumb","itemListElement":[{"@type":"ListItem","position":1,"name":"Portada","item":"https:\/\/nuevo.logoband.es\/"},{"@type":"ListItem","position":2,"name":"Memorias USB personalizadas"}]},{"@type":"WebSite","@id":"https:\/\/nuevo.logoband.es\/#website","url":"https:\/\/nuevo.logoband.es\/","name":"Logoband Espa\u00f1a","description":"Lanyards y pulseras personalizadas","publisher":{"@id":"https:\/\/nuevo.logoband.es\/#organization"},"potentialAction":[{"@type":"SearchAction","target":{"@type":"EntryPoint","urlTemplate":"https:\/\/nuevo.logoband.es\/?s={search_term_string}"},"query-input":{"@type":"PropertyValueSpecification","valueRequired":true,"valueName":"search_term_string"}}],"inLanguage":"en-GB"},{"@type":"Organization","@id":"https:\/\/nuevo.logoband.es\/#organization","name":"Logoband Espa\u00f1a","url":"https:\/\/nuevo.logoband.es\/","logo":{"@type":"ImageObject","inLanguage":"en-GB","@id":"https:\/\/nuevo.logoband.es\/#\/schema\/logo\/image\/","url":"http:\/\/nuevo.logoband.es\/wp-content\/uploads\/2025\/03\/Logotipo-PNG.png","contentUrl":"http:\/\/nuevo.logoband.es\/wp-content\/uploads\/2025\/03\/Logotipo-PNG.png","width":500,"height":104,"caption":"Logoband Espa\u00f1a"},"image":{"@id":"https:\/\/nuevo.logoband.es\/#\/schema\/logo\/image\/"}}]}},"_links":{"self":[{"href":"https:\/\/nuevo.logoband.es\/en\/wp-json\/wp\/v2\/pages\/623","targetHints":{"allow":["GET"]}}],"collection":[{"href":"https:\/\/nuevo.logoband.es\/en\/wp-json\/wp\/v2\/pages"}],"about":[{"href":"https:\/\/nuevo.logoband.es\/en\/wp-json\/wp\/v2\/types\/page"}],"author":[{"embeddable":true,"href":"https:\/\/nuevo.logoband.es\/en\/wp-json\/wp\/v2\/users\/1"}],"replies":[{"embeddable":true,"href":"https:\/\/nuevo.logoband.es\/en\/wp-json\/wp\/v2\/comments?post=623"}],"version-history":[{"count":40,"href":"https:\/\/nuevo.logoband.es\/en\/wp-json\/wp\/v2\/pages\/623\/revisions"}],"predecessor-version":[{"id":3558,"href":"https:\/\/nuevo.logoband.es\/en\/wp-json\/wp\/v2\/pages\/623\/revisions\/3558"}],"wp:featuredmedia":[{"embeddable":true,"href":"https:\/\/nuevo.logoband.es\/en\/wp-json\/wp\/v2\/media\/624"}],"wp:attachment":[{"href":"https:\/\/nuevo.logoband.es\/en\/wp-json\/wp\/v2\/media?parent=623"}],"curies":[{"name":"wp","href":"https:\/\/api.w.org\/{rel}","templated":true}]}}