{"id":590,"date":"2025-05-20T14:05:52","date_gmt":"2025-05-20T12:05:52","guid":{"rendered":"https:\/\/nuevo.logoband.es\/?page_id=590"},"modified":"2025-12-01T15:38:02","modified_gmt":"2025-12-01T14:38:02","slug":"pulseras-para-eventos-fiestas-personalizadas","status":"publish","type":"page","link":"https:\/\/nuevo.logoband.es\/en\/pulseras-para-eventos-fiestas-personalizadas\/","title":{"rendered":"Pulseras personalizadas"},"content":{"rendered":"<div data-elementor-type=\"wp-page\" data-elementor-id=\"590\" class=\"elementor elementor-590\" data-elementor-post-type=\"page\">\n\t\t\t\t<div class=\"elementor-element elementor-element-1080384 e-flex e-con-boxed e-con e-parent\" data-id=\"1080384\" data-element_type=\"container\" data-settings=\"{&quot;background_background&quot;:&quot;classic&quot;}\">\n\t\t\t\t\t<div class=\"e-con-inner\">\n\t\t<div class=\"elementor-element elementor-element-0f1049e e-con-full e-flex e-con e-child\" data-id=\"0f1049e\" data-element_type=\"container\">\n\t\t\t\t<div class=\"elementor-element elementor-element-9aca590 elementor-widget elementor-widget-heading\" data-id=\"9aca590\" data-element_type=\"widget\" data-widget_type=\"heading.default\">\n\t\t\t\t<div class=\"elementor-widget-container\">\n\t\t\t\t\t<h1 class=\"elementor-heading-title elementor-size-default\">Pulseras personalizadas<\/h1>\t\t\t\t<\/div>\n\t\t\t\t<\/div>\n\t\t\t\t<\/div>\n\t\t\t\t\t<\/div>\n\t\t\t\t<\/div>\n\t\t<div class=\"elementor-element elementor-element-7a10807 e-flex e-con-boxed e-con e-parent\" data-id=\"7a10807\" data-element_type=\"container\">\n\t\t\t\t\t<div class=\"e-con-inner\">\n\t\t<div class=\"elementor-element elementor-element-f6e07cd e-con-full e-flex e-con e-child\" data-id=\"f6e07cd\" data-element_type=\"container\">\n\t\t\t\t<div class=\"elementor-element elementor-element-699c20b elementor-position-top elementor-widget elementor-widget-image-box\" data-id=\"699c20b\" data-element_type=\"widget\" data-widget_type=\"image-box.default\">\n\t\t\t\t<div class=\"elementor-widget-container\">\n\t\t\t\t\t<div class=\"elementor-image-box-wrapper\"><figure class=\"elementor-image-box-img\"><a href=\"https:\/\/nuevo.logoband.es\/en\/pulseras-sublimadas\/\" tabindex=\"-1\"><img fetchpriority=\"high\" decoding=\"async\" width=\"320\" height=\"180\" src=\"https:\/\/nuevo.logoband.es\/wp-content\/uploads\/2025\/05\/pulseras-sublimation-m-320x180-1.webp\" class=\"elementor-animation-grow attachment-full size-full wp-image-596\" alt=\"Pulseras sublimadas para eventos\" srcset=\"https:\/\/nuevo.logoband.es\/wp-content\/uploads\/2025\/05\/pulseras-sublimation-m-320x180-1.webp 320w, https:\/\/nuevo.logoband.es\/wp-content\/uploads\/2025\/05\/pulseras-sublimation-m-320x180-1-300x169.webp 300w\" sizes=\"(max-width: 320px) 100vw, 320px\" \/><\/a><\/figure><div class=\"elementor-image-box-content\"><h3 class=\"elementor-image-box-title\"><a href=\"https:\/\/nuevo.logoband.es\/en\/pulseras-sublimadas\/\">Pulseras sublimadas<\/a><\/h3><p class=\"elementor-image-box-description\">\u2714 Delivery time: 4 days<br>\u2714 Minimum order: 100 units.<\/p><\/div><\/div>\t\t\t\t<\/div>\n\t\t\t\t<\/div>\n\t\t\t\t<\/div>\n\t\t<div class=\"elementor-element elementor-element-f5cd94f e-con-full e-flex e-con e-child\" data-id=\"f5cd94f\" data-element_type=\"container\">\n\t\t\t\t<div class=\"elementor-element elementor-element-e3e7c23 elementor-position-top elementor-widget elementor-widget-image-box\" data-id=\"e3e7c23\" data-element_type=\"widget\" data-widget_type=\"image-box.default\">\n\t\t\t\t<div class=\"elementor-widget-container\">\n\t\t\t\t\t<div class=\"elementor-image-box-wrapper\"><figure class=\"elementor-image-box-img\"><a href=\"https:\/\/nuevo.logoband.es\/en\/pulseras-de-silicona\/\" tabindex=\"-1\"><img decoding=\"async\" width=\"320\" height=\"180\" data-src=\"https:\/\/nuevo.logoband.es\/wp-content\/uploads\/2025\/05\/sili.webp\" class=\"elementor-animation-grow attachment-full size-full wp-image-591 lazyload\" alt=\"Fabricamos pulseras personalizadas para eventos y fiestas al por mayor. Entrega r\u00e1pida, producci\u00f3n nacional y precios competitivos para empresas.\" data-srcset=\"https:\/\/nuevo.logoband.es\/wp-content\/uploads\/2025\/05\/sili.webp 320w, https:\/\/nuevo.logoband.es\/wp-content\/uploads\/2025\/05\/sili-300x169.webp 300w\" data-sizes=\"(max-width: 320px) 100vw, 320px\" src=\"data:image\/svg+xml;base64,PHN2ZyB3aWR0aD0iMSIgaGVpZ2h0PSIxIiB4bWxucz0iaHR0cDovL3d3dy53My5vcmcvMjAwMC9zdmciPjwvc3ZnPg==\" style=\"--smush-placeholder-width: 320px; --smush-placeholder-aspect-ratio: 320\/180;\" \/><\/a><\/figure><div class=\"elementor-image-box-content\"><h3 class=\"elementor-image-box-title\"><a href=\"https:\/\/nuevo.logoband.es\/en\/pulseras-de-silicona\/\">Pulseras de silicona<\/a><\/h3><p class=\"elementor-image-box-description\">\u2714 Tiempo de entrega: 7-10 d\u00edas<br>\u2714 Minimum order: 100 units.<\/p><\/div><\/div>\t\t\t\t<\/div>\n\t\t\t\t<\/div>\n\t\t\t\t<\/div>\n\t\t<div class=\"elementor-element elementor-element-e3fafa3 e-con-full e-flex e-con e-child\" data-id=\"e3fafa3\" data-element_type=\"container\">\n\t\t\t\t<div class=\"elementor-element elementor-element-c2a0396 elementor-position-top elementor-widget elementor-widget-image-box\" data-id=\"c2a0396\" data-element_type=\"widget\" data-widget_type=\"image-box.default\">\n\t\t\t\t<div class=\"elementor-widget-container\">\n\t\t\t\t\t<div class=\"elementor-image-box-wrapper\"><figure class=\"elementor-image-box-img\"><a href=\"https:\/\/nuevo.logoband.es\/en\/pulseras-de-vinilo\/\" tabindex=\"-1\"><img decoding=\"async\" width=\"320\" height=\"180\" data-src=\"https:\/\/nuevo.logoband.es\/wp-content\/uploads\/2025\/05\/pulseras-vinyl-320x180-1.webp\" class=\"elementor-animation-grow attachment-full size-full wp-image-597 lazyload\" alt=\"\" data-srcset=\"https:\/\/nuevo.logoband.es\/wp-content\/uploads\/2025\/05\/pulseras-vinyl-320x180-1.webp 320w, https:\/\/nuevo.logoband.es\/wp-content\/uploads\/2025\/05\/pulseras-vinyl-320x180-1-300x169.webp 300w\" data-sizes=\"(max-width: 320px) 100vw, 320px\" src=\"data:image\/svg+xml;base64,PHN2ZyB3aWR0aD0iMSIgaGVpZ2h0PSIxIiB4bWxucz0iaHR0cDovL3d3dy53My5vcmcvMjAwMC9zdmciPjwvc3ZnPg==\" style=\"--smush-placeholder-width: 320px; --smush-placeholder-aspect-ratio: 320\/180;\" \/><\/a><\/figure><div class=\"elementor-image-box-content\"><h3 class=\"elementor-image-box-title\"><a href=\"https:\/\/nuevo.logoband.es\/en\/pulseras-de-vinilo\/\">Pulseras de vinilo<\/a><\/h3><p class=\"elementor-image-box-description\">\u2714 Delivery time: 4 days<br>\u2714 Minimum order: 100 units.<\/p><\/div><\/div>\t\t\t\t<\/div>\n\t\t\t\t<\/div>\n\t\t\t\t<\/div>\n\t\t\t\t\t<\/div>\n\t\t\t\t<\/div>\n\t\t<div class=\"elementor-element elementor-element-834ea4f e-flex e-con-boxed e-con e-parent\" data-id=\"834ea4f\" data-element_type=\"container\">\n\t\t\t\t\t<div class=\"e-con-inner\">\n\t\t<div class=\"elementor-element elementor-element-f633802 e-con-full e-flex e-con e-child\" data-id=\"f633802\" data-element_type=\"container\">\n\t\t\t\t<div class=\"elementor-element elementor-element-d10e303 elementor-position-top elementor-widget elementor-widget-image-box\" data-id=\"d10e303\" data-element_type=\"widget\" data-widget_type=\"image-box.default\">\n\t\t\t\t<div class=\"elementor-widget-container\">\n\t\t\t\t\t<div class=\"elementor-image-box-wrapper\"><figure class=\"elementor-image-box-img\"><a href=\"https:\/\/nuevo.logoband.es\/en\/pulseras-de-tyvek\/\" tabindex=\"-1\"><img decoding=\"async\" width=\"320\" height=\"180\" data-src=\"https:\/\/nuevo.logoband.es\/wp-content\/uploads\/2025\/05\/pulseras-tyvek-320x180-1.webp\" class=\"elementor-animation-grow attachment-full size-full wp-image-598 lazyload\" alt=\"\" data-srcset=\"https:\/\/nuevo.logoband.es\/wp-content\/uploads\/2025\/05\/pulseras-tyvek-320x180-1.webp 320w, https:\/\/nuevo.logoband.es\/wp-content\/uploads\/2025\/05\/pulseras-tyvek-320x180-1-300x169.webp 300w\" data-sizes=\"(max-width: 320px) 100vw, 320px\" src=\"data:image\/svg+xml;base64,PHN2ZyB3aWR0aD0iMSIgaGVpZ2h0PSIxIiB4bWxucz0iaHR0cDovL3d3dy53My5vcmcvMjAwMC9zdmciPjwvc3ZnPg==\" style=\"--smush-placeholder-width: 320px; --smush-placeholder-aspect-ratio: 320\/180;\" \/><\/a><\/figure><div class=\"elementor-image-box-content\"><h3 class=\"elementor-image-box-title\"><a href=\"https:\/\/nuevo.logoband.es\/en\/pulseras-de-tyvek\/\">Pulseras Tyvek<\/a><\/h3><p class=\"elementor-image-box-description\">\u2714 Tiempo de entrega: 3 d\u00edas<br>\u2714 Minimum order: 100 units.<\/p><\/div><\/div>\t\t\t\t<\/div>\n\t\t\t\t<\/div>\n\t\t\t\t<\/div>\n\t\t<div class=\"elementor-element elementor-element-3a1e5e1 e-con-full e-flex e-con e-child\" data-id=\"3a1e5e1\" data-element_type=\"container\">\n\t\t\t\t<div class=\"elementor-element elementor-element-ba23c34 elementor-position-top elementor-widget elementor-widget-image-box\" data-id=\"ba23c34\" data-element_type=\"widget\" data-widget_type=\"image-box.default\">\n\t\t\t\t<div class=\"elementor-widget-container\">\n\t\t\t\t\t<div class=\"elementor-image-box-wrapper\"><figure class=\"elementor-image-box-img\"><a href=\"https:\/\/nuevo.logoband.es\/en\/pulseras-reflectantes\/\" tabindex=\"-1\"><img decoding=\"async\" width=\"320\" height=\"180\" data-src=\"https:\/\/nuevo.logoband.es\/wp-content\/uploads\/2025\/05\/pulseras-reflecantes-320x180-1.webp\" class=\"elementor-animation-grow attachment-full size-full wp-image-599 lazyload\" alt=\"Pulseras reflectantes para empresas y fiestas\" data-srcset=\"https:\/\/nuevo.logoband.es\/wp-content\/uploads\/2025\/05\/pulseras-reflecantes-320x180-1.webp 320w, https:\/\/nuevo.logoband.es\/wp-content\/uploads\/2025\/05\/pulseras-reflecantes-320x180-1-300x169.webp 300w\" data-sizes=\"(max-width: 320px) 100vw, 320px\" src=\"data:image\/svg+xml;base64,PHN2ZyB3aWR0aD0iMSIgaGVpZ2h0PSIxIiB4bWxucz0iaHR0cDovL3d3dy53My5vcmcvMjAwMC9zdmciPjwvc3ZnPg==\" style=\"--smush-placeholder-width: 320px; --smush-placeholder-aspect-ratio: 320\/180;\" \/><\/a><\/figure><div class=\"elementor-image-box-content\"><h3 class=\"elementor-image-box-title\"><a href=\"https:\/\/nuevo.logoband.es\/en\/pulseras-reflectantes\/\">Pulseras reflectantes<\/a><\/h3><p class=\"elementor-image-box-description\">\u2714 Tiempo de entrega: 7 d\u00edas<br>\u2714 Minimum order: 100 units.<\/p><\/div><\/div>\t\t\t\t<\/div>\n\t\t\t\t<\/div>\n\t\t\t\t<\/div>\n\t\t\t\t\t<\/div>\n\t\t\t\t<\/div>\n\t\t<div class=\"elementor-element elementor-element-a609117 e-flex e-con-boxed e-con e-parent\" data-id=\"a609117\" data-element_type=\"container\">\n\t\t\t\t\t<div class=\"e-con-inner\">\n\t\t\t\t<div class=\"elementor-element elementor-element-1634e67 elementor-widget elementor-widget-text-editor\" data-id=\"1634e67\" data-element_type=\"widget\" data-widget_type=\"text-editor.default\">\n\t\t\t\t<div class=\"elementor-widget-container\">\n\t\t\t\t\t\t\t\t\t<h5 class=\"text-xs-center\">Pulseras para eventos y fiestas personalizadas<\/h5><p>Somos fabricantes de pulseras personalizadas ideales para eventos y fiestas. Nuestras\u00a0<strong>pulseras personalizadas para eventos<\/strong>\u00a0est\u00e1n hechas con materiales de gran calidad y adaptados al tipo de evento que necesites, en color, forma y material de fabricaci\u00f3n.<\/p><h5>El detalle que marca la diferencia: pulseras personalizadas<\/h5><p>En cualquier celebraci\u00f3n o evento, los peque\u00f1os detalles son los que a menudo dejan una impresi\u00f3n duradera. Uno de esos detalles que ha ganado popularidad son las pulseras personalizadas. Ya sea en\u00a0<strong>eventos y empresas<\/strong>\u00a0o en fiestas privadas, estas pulseras se han convertido en el recuerdo perfecto para los asistentes.<\/p><p>Las\u00a0<strong>pulseras personalizadas para eventos y empresas<\/strong>\u00a0no solo sirven como un recuerdo tangible, sino que tambi\u00e9n refuerzan la identidad y el mensaje del evento. Por otro lado, las pulseras para fiestas personalizadas a\u00f1aden un toque especial a las celebraciones, haciendo que cada invitado se sienta parte de la ocasi\u00f3n.<\/p><p>En Logoband, entendemos la importancia de estos peque\u00f1os detalles. Por eso, te ofrecemos una amplia gama de opciones, desde pulseras para eventos corporativos hasta\u00a0<strong>pulseras para fiestas personalizadas<\/strong>. Ya sea que busques algo sencillo y elegante o algo llamativo y \u00fanico, aqu\u00ed encontrar\u00e1s lo que necesitas.<\/p>\t\t\t\t\t\t\t\t<\/div>\n\t\t\t\t<\/div>\n\t\t\t\t\t<\/div>\n\t\t\t\t<\/div>\n\t\t<div class=\"elementor-element elementor-element-16f4264 e-flex e-con-boxed e-con e-parent\" data-id=\"16f4264\" data-element_type=\"container\">\n\t\t\t\t\t<div class=\"e-con-inner\">\n\t\t\t\t<div class=\"elementor-element elementor-element-19694d2 elementor-widget elementor-widget-text-editor\" data-id=\"19694d2\" data-element_type=\"widget\" data-widget_type=\"text-editor.default\">\n\t\t\t\t<div class=\"elementor-widget-container\">\n\t\t\t\t\t\t\t\t\t<h5>Pulseras para fiestas personalizadas y pulseras personalizadas para eventos<\/h5><p class=\"\" data-start=\"226\" data-end=\"538\">Las pulseras personalizadas para eventos y fiestas son ideales para el control del acceso e identificaci\u00f3n de usuarios, muy com\u00fan en parques acu\u00e1ticos, parques de atracciones o discotecas. Nuestras pulseras personalizadas son fabricadas en vinilo, Tyvek, silicona y pueden ser reflectantes o sublimadas a medida.<\/p><p class=\"\" data-start=\"540\" data-end=\"988\">En Logoband, nos especializamos en la fabricaci\u00f3n de pulseras personalizadas para eventos, ofreciendo soluciones adaptadas a las necesidades de cada cliente. Nuestro cat\u00e1logo incluye una amplia variedad de pulseras para fiestas personalizadas, ideales para conciertos, festivales, discotecas y celebraciones privadas. Estas pulseras no solo sirven como elementos de identificaci\u00f3n, sino que tambi\u00e9n act\u00faan como herramientas promocionales efectivas.<\/p><h5 data-start=\"990\" data-end=\"1052\">Pulseras de identificaci\u00f3n y control de acceso al por mayor<\/h5><p class=\"\" data-start=\"1054\" data-end=\"1353\">Ofrecemos pulseras de identificaci\u00f3n personalizadas, dise\u00f1adas para garantizar la seguridad y el control de acceso en eventos multitudinarios. Estas pulseras est\u00e1n disponibles en diferentes materiales y colores, y pueden incluir logotipos, textos o c\u00f3digos QR seg\u00fan las especificaciones del cliente.<\/p><h5 data-start=\"1355\" data-end=\"1406\">Pulseras promocionales con dise\u00f1o personalizado<\/h5><p class=\"\" data-start=\"1408\" data-end=\"1822\">Nuestras pulseras promocionales personalizadas son una excelente opci\u00f3n para campa\u00f1as de marketing y branding. Permiten a las empresas aumentar su visibilidad y fortalecer su imagen de marca durante eventos corporativos, ferias comerciales y lanzamientos de productos. Tambi\u00e9n proporcionamos pulseras para control de acceso personalizadas, que combinan funcionalidad y dise\u00f1o para garantizar seguridad y comodidad.<\/p><p class=\"\" data-start=\"1824\" data-end=\"2035\">En Logoband, garantizamos producci\u00f3n nacional, entregas r\u00e1pidas y atenci\u00f3n profesional. Trabajamos al por mayor para empresas y organizadores de eventos, ofreciendo productos de calidad con un acabado impecable.<\/p>\t\t\t\t\t\t\t\t<\/div>\n\t\t\t\t<\/div>\n\t\t\t\t\t<\/div>\n\t\t\t\t<\/div>\n\t\t\t\t<\/div>","protected":false},"excerpt":{"rendered":"<p>Pulseras personalizadas Pulseras sublimadas \u2714 Tiempo de entrega: 4 d\u00edas\u2714 Pedido m\u00ednimo: 100 uds. Pulseras de silicona \u2714 Tiempo de entrega: 7-10 d\u00edas\u2714 Pedido m\u00ednimo: 100 uds. Pulseras de vinilo \u2714 Tiempo de entrega: 4 d\u00edas\u2714 Pedido m\u00ednimo: 100 uds. Pulseras Tyvek \u2714 Tiempo de entrega: 3 d\u00edas\u2714 Pedido m\u00ednimo: 100 uds. Pulseras reflectantes \u2714 [&hellip;]<\/p>","protected":false},"author":1,"featured_media":591,"parent":0,"menu_order":0,"comment_status":"closed","ping_status":"closed","template":"elementor_header_footer","meta":{"footnotes":""},"class_list":["post-590","page","type-page","status-publish","has-post-thumbnail","hentry"],"yoast_head":"<!-- This site is optimized with the Yoast SEO plugin v26.7 - https:\/\/yoast.com\/wordpress\/plugins\/seo\/ -->\n<title>Pulseras personalizadas - Logoband Espa\u00f1a<\/title>\n<meta name=\"description\" content=\"Fabricamos pulseras personalizadas para eventos y fiestas al por mayor. Entrega r\u00e1pida, producci\u00f3n nacional y precios competitivos.\" \/>\n<meta name=\"robots\" content=\"index, follow, max-snippet:-1, max-image-preview:large, max-video-preview:-1\" \/>\n<link rel=\"canonical\" href=\"https:\/\/nuevo.logoband.es\/en\/pulseras-para-eventos-fiestas-personalizadas\/\" \/>\n<meta property=\"og:locale\" content=\"en_GB\" \/>\n<meta property=\"og:type\" content=\"article\" \/>\n<meta property=\"og:title\" content=\"Pulseras personalizadas - Logoband Espa\u00f1a\" \/>\n<meta property=\"og:description\" content=\"Fabricamos pulseras personalizadas para eventos y fiestas al por mayor. Entrega r\u00e1pida, producci\u00f3n nacional y precios competitivos.\" \/>\n<meta property=\"og:url\" content=\"https:\/\/nuevo.logoband.es\/en\/pulseras-para-eventos-fiestas-personalizadas\/\" \/>\n<meta property=\"og:site_name\" content=\"Logoband Espa\u00f1a\" \/>\n<meta property=\"article:modified_time\" content=\"2025-12-01T14:38:02+00:00\" \/>\n<meta property=\"og:image\" content=\"https:\/\/nuevo.logoband.es\/wp-content\/uploads\/2025\/05\/sili.webp\" \/>\n\t<meta property=\"og:image:width\" content=\"320\" \/>\n\t<meta property=\"og:image:height\" content=\"180\" \/>\n\t<meta property=\"og:image:type\" content=\"image\/webp\" \/>\n<meta name=\"twitter:card\" content=\"summary_large_image\" \/>\n<script type=\"application\/ld+json\" class=\"yoast-schema-graph\">{\"@context\":\"https:\/\/schema.org\",\"@graph\":[{\"@type\":\"WebPage\",\"@id\":\"https:\/\/nuevo.logoband.es\/pulseras-para-eventos-fiestas-personalizadas\/\",\"url\":\"https:\/\/nuevo.logoband.es\/pulseras-para-eventos-fiestas-personalizadas\/\",\"name\":\"Pulseras personalizadas - Logoband Espa\u00f1a\",\"isPartOf\":{\"@id\":\"https:\/\/nuevo.logoband.es\/#website\"},\"primaryImageOfPage\":{\"@id\":\"https:\/\/nuevo.logoband.es\/pulseras-para-eventos-fiestas-personalizadas\/#primaryimage\"},\"image\":{\"@id\":\"https:\/\/nuevo.logoband.es\/pulseras-para-eventos-fiestas-personalizadas\/#primaryimage\"},\"thumbnailUrl\":\"https:\/\/nuevo.logoband.es\/wp-content\/uploads\/2025\/05\/sili.webp\",\"datePublished\":\"2025-05-20T12:05:52+00:00\",\"dateModified\":\"2025-12-01T14:38:02+00:00\",\"description\":\"Fabricamos pulseras personalizadas para eventos y fiestas al por mayor. Entrega r\u00e1pida, producci\u00f3n nacional y precios competitivos.\",\"breadcrumb\":{\"@id\":\"https:\/\/nuevo.logoband.es\/pulseras-para-eventos-fiestas-personalizadas\/#breadcrumb\"},\"inLanguage\":\"en-GB\",\"potentialAction\":[{\"@type\":\"ReadAction\",\"target\":[\"https:\/\/nuevo.logoband.es\/pulseras-para-eventos-fiestas-personalizadas\/\"]}]},{\"@type\":\"ImageObject\",\"inLanguage\":\"en-GB\",\"@id\":\"https:\/\/nuevo.logoband.es\/pulseras-para-eventos-fiestas-personalizadas\/#primaryimage\",\"url\":\"https:\/\/nuevo.logoband.es\/wp-content\/uploads\/2025\/05\/sili.webp\",\"contentUrl\":\"https:\/\/nuevo.logoband.es\/wp-content\/uploads\/2025\/05\/sili.webp\",\"width\":320,\"height\":180,\"caption\":\"Fabricamos pulseras personalizadas para eventos y fiestas al por mayor. Entrega r\u00e1pida, producci\u00f3n nacional y precios competitivos para empresas.\"},{\"@type\":\"BreadcrumbList\",\"@id\":\"https:\/\/nuevo.logoband.es\/pulseras-para-eventos-fiestas-personalizadas\/#breadcrumb\",\"itemListElement\":[{\"@type\":\"ListItem\",\"position\":1,\"name\":\"Portada\",\"item\":\"https:\/\/nuevo.logoband.es\/\"},{\"@type\":\"ListItem\",\"position\":2,\"name\":\"Pulseras personalizadas\"}]},{\"@type\":\"WebSite\",\"@id\":\"https:\/\/nuevo.logoband.es\/#website\",\"url\":\"https:\/\/nuevo.logoband.es\/\",\"name\":\"Logoband Espa\u00f1a\",\"description\":\"Lanyards y pulseras personalizadas\",\"publisher\":{\"@id\":\"https:\/\/nuevo.logoband.es\/#organization\"},\"potentialAction\":[{\"@type\":\"SearchAction\",\"target\":{\"@type\":\"EntryPoint\",\"urlTemplate\":\"https:\/\/nuevo.logoband.es\/?s={search_term_string}\"},\"query-input\":{\"@type\":\"PropertyValueSpecification\",\"valueRequired\":true,\"valueName\":\"search_term_string\"}}],\"inLanguage\":\"en-GB\"},{\"@type\":\"Organization\",\"@id\":\"https:\/\/nuevo.logoband.es\/#organization\",\"name\":\"Logoband Espa\u00f1a\",\"url\":\"https:\/\/nuevo.logoband.es\/\",\"logo\":{\"@type\":\"ImageObject\",\"inLanguage\":\"en-GB\",\"@id\":\"https:\/\/nuevo.logoband.es\/#\/schema\/logo\/image\/\",\"url\":\"http:\/\/nuevo.logoband.es\/wp-content\/uploads\/2025\/03\/Logotipo-PNG.png\",\"contentUrl\":\"http:\/\/nuevo.logoband.es\/wp-content\/uploads\/2025\/03\/Logotipo-PNG.png\",\"width\":500,\"height\":104,\"caption\":\"Logoband Espa\u00f1a\"},\"image\":{\"@id\":\"https:\/\/nuevo.logoband.es\/#\/schema\/logo\/image\/\"}}]}<\/script>\n<!-- \/ Yoast SEO plugin. -->","yoast_head_json":{"title":"Pulseras personalizadas - Logoband Espa\u00f1a","description":"Fabricamos pulseras personalizadas para eventos y fiestas al por mayor. Entrega r\u00e1pida, producci\u00f3n nacional y precios competitivos.","robots":{"index":"index","follow":"follow","max-snippet":"max-snippet:-1","max-image-preview":"max-image-preview:large","max-video-preview":"max-video-preview:-1"},"canonical":"https:\/\/nuevo.logoband.es\/en\/pulseras-para-eventos-fiestas-personalizadas\/","og_locale":"en_GB","og_type":"article","og_title":"Pulseras personalizadas - Logoband Espa\u00f1a","og_description":"Fabricamos pulseras personalizadas para eventos y fiestas al por mayor. Entrega r\u00e1pida, producci\u00f3n nacional y precios competitivos.","og_url":"https:\/\/nuevo.logoband.es\/en\/pulseras-para-eventos-fiestas-personalizadas\/","og_site_name":"Logoband Espa\u00f1a","article_modified_time":"2025-12-01T14:38:02+00:00","og_image":[{"width":320,"height":180,"url":"https:\/\/nuevo.logoband.es\/wp-content\/uploads\/2025\/05\/sili.webp","type":"image\/webp"}],"twitter_card":"summary_large_image","schema":{"@context":"https:\/\/schema.org","@graph":[{"@type":"WebPage","@id":"https:\/\/nuevo.logoband.es\/pulseras-para-eventos-fiestas-personalizadas\/","url":"https:\/\/nuevo.logoband.es\/pulseras-para-eventos-fiestas-personalizadas\/","name":"Pulseras personalizadas - Logoband Espa\u00f1a","isPartOf":{"@id":"https:\/\/nuevo.logoband.es\/#website"},"primaryImageOfPage":{"@id":"https:\/\/nuevo.logoband.es\/pulseras-para-eventos-fiestas-personalizadas\/#primaryimage"},"image":{"@id":"https:\/\/nuevo.logoband.es\/pulseras-para-eventos-fiestas-personalizadas\/#primaryimage"},"thumbnailUrl":"https:\/\/nuevo.logoband.es\/wp-content\/uploads\/2025\/05\/sili.webp","datePublished":"2025-05-20T12:05:52+00:00","dateModified":"2025-12-01T14:38:02+00:00","description":"Fabricamos pulseras personalizadas para eventos y fiestas al por mayor. Entrega r\u00e1pida, producci\u00f3n nacional y precios competitivos.","breadcrumb":{"@id":"https:\/\/nuevo.logoband.es\/pulseras-para-eventos-fiestas-personalizadas\/#breadcrumb"},"inLanguage":"en-GB","potentialAction":[{"@type":"ReadAction","target":["https:\/\/nuevo.logoband.es\/pulseras-para-eventos-fiestas-personalizadas\/"]}]},{"@type":"ImageObject","inLanguage":"en-GB","@id":"https:\/\/nuevo.logoband.es\/pulseras-para-eventos-fiestas-personalizadas\/#primaryimage","url":"https:\/\/nuevo.logoband.es\/wp-content\/uploads\/2025\/05\/sili.webp","contentUrl":"https:\/\/nuevo.logoband.es\/wp-content\/uploads\/2025\/05\/sili.webp","width":320,"height":180,"caption":"Fabricamos pulseras personalizadas para eventos y fiestas al por mayor. Entrega r\u00e1pida, producci\u00f3n nacional y precios competitivos para empresas."},{"@type":"BreadcrumbList","@id":"https:\/\/nuevo.logoband.es\/pulseras-para-eventos-fiestas-personalizadas\/#breadcrumb","itemListElement":[{"@type":"ListItem","position":1,"name":"Portada","item":"https:\/\/nuevo.logoband.es\/"},{"@type":"ListItem","position":2,"name":"Pulseras personalizadas"}]},{"@type":"WebSite","@id":"https:\/\/nuevo.logoband.es\/#website","url":"https:\/\/nuevo.logoband.es\/","name":"Logoband Espa\u00f1a","description":"Lanyards y pulseras personalizadas","publisher":{"@id":"https:\/\/nuevo.logoband.es\/#organization"},"potentialAction":[{"@type":"SearchAction","target":{"@type":"EntryPoint","urlTemplate":"https:\/\/nuevo.logoband.es\/?s={search_term_string}"},"query-input":{"@type":"PropertyValueSpecification","valueRequired":true,"valueName":"search_term_string"}}],"inLanguage":"en-GB"},{"@type":"Organization","@id":"https:\/\/nuevo.logoband.es\/#organization","name":"Logoband Espa\u00f1a","url":"https:\/\/nuevo.logoband.es\/","logo":{"@type":"ImageObject","inLanguage":"en-GB","@id":"https:\/\/nuevo.logoband.es\/#\/schema\/logo\/image\/","url":"http:\/\/nuevo.logoband.es\/wp-content\/uploads\/2025\/03\/Logotipo-PNG.png","contentUrl":"http:\/\/nuevo.logoband.es\/wp-content\/uploads\/2025\/03\/Logotipo-PNG.png","width":500,"height":104,"caption":"Logoband Espa\u00f1a"},"image":{"@id":"https:\/\/nuevo.logoband.es\/#\/schema\/logo\/image\/"}}]}},"_links":{"self":[{"href":"https:\/\/nuevo.logoband.es\/en\/wp-json\/wp\/v2\/pages\/590","targetHints":{"allow":["GET"]}}],"collection":[{"href":"https:\/\/nuevo.logoband.es\/en\/wp-json\/wp\/v2\/pages"}],"about":[{"href":"https:\/\/nuevo.logoband.es\/en\/wp-json\/wp\/v2\/types\/page"}],"author":[{"embeddable":true,"href":"https:\/\/nuevo.logoband.es\/en\/wp-json\/wp\/v2\/users\/1"}],"replies":[{"embeddable":true,"href":"https:\/\/nuevo.logoband.es\/en\/wp-json\/wp\/v2\/comments?post=590"}],"version-history":[{"count":52,"href":"https:\/\/nuevo.logoband.es\/en\/wp-json\/wp\/v2\/pages\/590\/revisions"}],"predecessor-version":[{"id":3552,"href":"https:\/\/nuevo.logoband.es\/en\/wp-json\/wp\/v2\/pages\/590\/revisions\/3552"}],"wp:featuredmedia":[{"embeddable":true,"href":"https:\/\/nuevo.logoband.es\/en\/wp-json\/wp\/v2\/media\/591"}],"wp:attachment":[{"href":"https:\/\/nuevo.logoband.es\/en\/wp-json\/wp\/v2\/media?parent=590"}],"curies":[{"name":"wp","href":"https:\/\/api.w.org\/{rel}","templated":true}]}}