{"id":149,"date":"2025-03-24T11:41:04","date_gmt":"2025-03-24T10:41:04","guid":{"rendered":"https:\/\/nuevo.logoband.es\/?page_id=149"},"modified":"2025-11-26T12:09:01","modified_gmt":"2025-11-26T11:09:01","slug":"devoluciones","status":"publish","type":"page","link":"https:\/\/nuevo.logoband.es\/en\/devoluciones\/","title":{"rendered":"Returns"},"content":{"rendered":"<div data-elementor-type=\"wp-page\" data-elementor-id=\"149\" class=\"elementor elementor-149\" data-elementor-post-type=\"page\">\n\t\t\t\t<div class=\"elementor-element elementor-element-2a875e7 e-flex e-con-boxed e-con e-parent\" data-id=\"2a875e7\" data-element_type=\"container\">\n\t\t\t\t\t<div class=\"e-con-inner\">\n\t\t\t\t<div class=\"elementor-element elementor-element-bb03b3c elementor-widget elementor-widget-text-editor\" data-id=\"bb03b3c\" data-element_type=\"widget\" data-widget_type=\"text-editor.default\">\n\t\t\t\t<div class=\"elementor-widget-container\">\n\t\t\t\t\t\t\t\t\t<div class=\"page-header\">\n<h2 class=\"entry-title\">Returns<\/h2>\n<\/div>\n<div class=\"page-content\">\n<p><strong>Right of withdrawal for consumers and users<\/strong><\/p>\n<p>You have the right to withdraw from this contract within 7 calendar days without giving any reason.<\/p>\n<p>That you or a third party indicated by you, other than the carrier, acquired material possession of the goods<\/p>\n<p>That you or a third party indicated by you, other than the carrier, acquired material possession of the last of those goods<\/p>\n<p>Para ejercer el derecho de desistimiento, deber\u00e1 usted notificarnos: Logo Media Network SL, c\/ Groenlandia 4 local 2.31, CP 28909 Getafe, tel. 916093960 o trav\u00e9s del correo: info@logoband.es&nbsp;su decisi\u00f3n de desistir del contrato a trav\u00e9s de una declaraci\u00f3n inequ\u00edvoca (por ejemplo, una carta enviada por correo postal, fax o correo electr\u00f3nico).<br>You may use the withdrawal form template below, although its use is not mandatory.<\/p>\n<p>To comply with the withdrawal deadline, it is sufficient for you to send your communication regarding your exercise of this right before the corresponding deadline expires.<\/p>\n<p><strong>Consequences of withdrawal<\/strong><\/p>\n<p>If you withdraw from this contract, we will refund all payments received from you, including delivery costs (with the exception of additional costs resulting from your choice of a delivery method other than the least expensive standard delivery method we offer), without undue delay and, in any event, no later than 7 calendar days from the date on which we are informed of your decision to withdraw from this contract. We will process the refund using the same payment method you used for the initial transaction, unless you have expressly agreed otherwise; in any event, you will not incur any costs as a result of the refund.<\/p>\n<p><strong>Does LOGOBAND ESPA\u00d1A offer to collect the goods in case of withdrawal?<\/strong><\/p>\n<p>We will collect the goods: Yes, we will collect the goods.<\/p>\n<p><strong>Does LOGOBAND ESPA\u00d1A voluntarily assume the return costs?<\/strong><\/p>\n<p>Yes. We will cover the costs of returning the goods.<\/p>\n<p>You will only be liable for any diminished value of the goods resulting from the handling other than that necessary to establish the nature, characteristics, and functioning of the goods. Exceptions to the right of withdrawal: The right of withdrawal does not apply to contracts relating to:<\/p>\n<p>- The supply of goods made according to the specifications of the consumer and user or clearly personalized<\/p>\n<p>\u2043 The supply of sealed goods that are not suitable for return due to health protection or hygiene reasons and that have been unsealed after delivery<\/p>\n<p><strong>Model withdrawal form<\/strong><\/p>\n<p>(s\u00f3lo debe cumplimentar y enviar el presente formulario si desea desistir del contrato)&nbsp;<\/p>\n<p><span style=\"font-size: 1rem;\">A la atenci\u00f3n de:<\/span><\/p>\n<p><span style=\"font-size: 1rem;\">LOGOBAND ESPA\u00d1A<br>C\/ Groenlandia 4 local 2.31<br>CP 28909 Getafe, <br>Tel. 916096960<br>Email: info@logoband.es<\/span><\/p>\n<p>\u2013 I\/we hereby inform you that I\/we withdraw from my\/our (*) contract of sale of the following good<\/p>\n<p>\u2013 Order no.<\/p>\n<p>\u2013 Name of the consumer and user or consumers and users<\/p>\n<p>\u2013 Address of the consumer and user or consumers and users<\/p>\n<p>\u2013 Firma del consumidor y usuario o de los consumidores y usuarios (solo si el presente formulario se presenta en papel)<br><br>Fecha y Firma<\/p>\n<\/div>\t\t\t\t\t\t\t\t<\/div>\n\t\t\t\t<\/div>\n\t\t\t\t\t<\/div>\n\t\t\t\t<\/div>\n\t\t\t\t<\/div>","protected":false},"excerpt":{"rendered":"<p>Devoluciones Derecho de desistimiento para consumidores y usuarios Tiene usted derecho a desistir del presente contrato en un plazo de 7 d\u00edas naturales sin necesidad de justificaci\u00f3n. Que usted o un tercero por usted indicado, distinto del transportista, adquiri\u00f3 la posesi\u00f3n material de los bienes Que usted o un tercero por usted indicado, distinto del [&hellip;]<\/p>","protected":false},"author":1,"featured_media":0,"parent":0,"menu_order":0,"comment_status":"closed","ping_status":"closed","template":"elementor_header_footer","meta":{"footnotes":""},"class_list":["post-149","page","type-page","status-publish","hentry"],"yoast_head":"<!-- This site is optimized with the Yoast SEO plugin v26.7 - https:\/\/yoast.com\/wordpress\/plugins\/seo\/ -->\n<title>Devoluciones - Logoband Espa\u00f1a<\/title>\n<meta name=\"robots\" content=\"index, follow, max-snippet:-1, max-image-preview:large, max-video-preview:-1\" \/>\n<link rel=\"canonical\" href=\"https:\/\/nuevo.logoband.es\/en\/devoluciones\/\" \/>\n<meta property=\"og:locale\" content=\"en_GB\" \/>\n<meta property=\"og:type\" content=\"article\" \/>\n<meta property=\"og:title\" content=\"Devoluciones - Logoband Espa\u00f1a\" \/>\n<meta property=\"og:description\" content=\"Devoluciones Derecho de desistimiento para consumidores y usuarios Tiene usted derecho a desistir del presente contrato en un plazo de 7 d\u00edas naturales sin necesidad de justificaci\u00f3n. Que usted o un tercero por usted indicado, distinto del transportista, adquiri\u00f3 la posesi\u00f3n material de los bienes Que usted o un tercero por usted indicado, distinto del [&hellip;]\" \/>\n<meta property=\"og:url\" content=\"https:\/\/nuevo.logoband.es\/en\/devoluciones\/\" \/>\n<meta property=\"og:site_name\" content=\"Logoband Espa\u00f1a\" \/>\n<meta property=\"article:modified_time\" content=\"2025-11-26T11:09:01+00:00\" \/>\n<meta name=\"twitter:card\" content=\"summary_large_image\" \/>\n<script type=\"application\/ld+json\" class=\"yoast-schema-graph\">{\"@context\":\"https:\/\/schema.org\",\"@graph\":[{\"@type\":\"WebPage\",\"@id\":\"https:\/\/nuevo.logoband.es\/devoluciones\/\",\"url\":\"https:\/\/nuevo.logoband.es\/devoluciones\/\",\"name\":\"Devoluciones - Logoband Espa\u00f1a\",\"isPartOf\":{\"@id\":\"https:\/\/nuevo.logoband.es\/#website\"},\"datePublished\":\"2025-03-24T10:41:04+00:00\",\"dateModified\":\"2025-11-26T11:09:01+00:00\",\"breadcrumb\":{\"@id\":\"https:\/\/nuevo.logoband.es\/devoluciones\/#breadcrumb\"},\"inLanguage\":\"en-GB\",\"potentialAction\":[{\"@type\":\"ReadAction\",\"target\":[\"https:\/\/nuevo.logoband.es\/devoluciones\/\"]}]},{\"@type\":\"BreadcrumbList\",\"@id\":\"https:\/\/nuevo.logoband.es\/devoluciones\/#breadcrumb\",\"itemListElement\":[{\"@type\":\"ListItem\",\"position\":1,\"name\":\"Portada\",\"item\":\"https:\/\/nuevo.logoband.es\/\"},{\"@type\":\"ListItem\",\"position\":2,\"name\":\"Devoluciones\"}]},{\"@type\":\"WebSite\",\"@id\":\"https:\/\/nuevo.logoband.es\/#website\",\"url\":\"https:\/\/nuevo.logoband.es\/\",\"name\":\"Logoband Espa\u00f1a\",\"description\":\"Lanyards y pulseras personalizadas\",\"publisher\":{\"@id\":\"https:\/\/nuevo.logoband.es\/#organization\"},\"potentialAction\":[{\"@type\":\"SearchAction\",\"target\":{\"@type\":\"EntryPoint\",\"urlTemplate\":\"https:\/\/nuevo.logoband.es\/?s={search_term_string}\"},\"query-input\":{\"@type\":\"PropertyValueSpecification\",\"valueRequired\":true,\"valueName\":\"search_term_string\"}}],\"inLanguage\":\"en-GB\"},{\"@type\":\"Organization\",\"@id\":\"https:\/\/nuevo.logoband.es\/#organization\",\"name\":\"Logoband Espa\u00f1a\",\"url\":\"https:\/\/nuevo.logoband.es\/\",\"logo\":{\"@type\":\"ImageObject\",\"inLanguage\":\"en-GB\",\"@id\":\"https:\/\/nuevo.logoband.es\/#\/schema\/logo\/image\/\",\"url\":\"http:\/\/nuevo.logoband.es\/wp-content\/uploads\/2025\/03\/Logotipo-PNG.png\",\"contentUrl\":\"http:\/\/nuevo.logoband.es\/wp-content\/uploads\/2025\/03\/Logotipo-PNG.png\",\"width\":500,\"height\":104,\"caption\":\"Logoband Espa\u00f1a\"},\"image\":{\"@id\":\"https:\/\/nuevo.logoband.es\/#\/schema\/logo\/image\/\"}}]}<\/script>\n<!-- \/ Yoast SEO plugin. -->","yoast_head_json":{"title":"Devoluciones - Logoband Espa\u00f1a","robots":{"index":"index","follow":"follow","max-snippet":"max-snippet:-1","max-image-preview":"max-image-preview:large","max-video-preview":"max-video-preview:-1"},"canonical":"https:\/\/nuevo.logoband.es\/en\/devoluciones\/","og_locale":"en_GB","og_type":"article","og_title":"Devoluciones - Logoband Espa\u00f1a","og_description":"Devoluciones Derecho de desistimiento para consumidores y usuarios Tiene usted derecho a desistir del presente contrato en un plazo de 7 d\u00edas naturales sin necesidad de justificaci\u00f3n. Que usted o un tercero por usted indicado, distinto del transportista, adquiri\u00f3 la posesi\u00f3n material de los bienes Que usted o un tercero por usted indicado, distinto del [&hellip;]","og_url":"https:\/\/nuevo.logoband.es\/en\/devoluciones\/","og_site_name":"Logoband Espa\u00f1a","article_modified_time":"2025-11-26T11:09:01+00:00","twitter_card":"summary_large_image","schema":{"@context":"https:\/\/schema.org","@graph":[{"@type":"WebPage","@id":"https:\/\/nuevo.logoband.es\/devoluciones\/","url":"https:\/\/nuevo.logoband.es\/devoluciones\/","name":"Devoluciones - Logoband Espa\u00f1a","isPartOf":{"@id":"https:\/\/nuevo.logoband.es\/#website"},"datePublished":"2025-03-24T10:41:04+00:00","dateModified":"2025-11-26T11:09:01+00:00","breadcrumb":{"@id":"https:\/\/nuevo.logoband.es\/devoluciones\/#breadcrumb"},"inLanguage":"en-GB","potentialAction":[{"@type":"ReadAction","target":["https:\/\/nuevo.logoband.es\/devoluciones\/"]}]},{"@type":"BreadcrumbList","@id":"https:\/\/nuevo.logoband.es\/devoluciones\/#breadcrumb","itemListElement":[{"@type":"ListItem","position":1,"name":"Portada","item":"https:\/\/nuevo.logoband.es\/"},{"@type":"ListItem","position":2,"name":"Devoluciones"}]},{"@type":"WebSite","@id":"https:\/\/nuevo.logoband.es\/#website","url":"https:\/\/nuevo.logoband.es\/","name":"Logoband Espa\u00f1a","description":"Lanyards y pulseras personalizadas","publisher":{"@id":"https:\/\/nuevo.logoband.es\/#organization"},"potentialAction":[{"@type":"SearchAction","target":{"@type":"EntryPoint","urlTemplate":"https:\/\/nuevo.logoband.es\/?s={search_term_string}"},"query-input":{"@type":"PropertyValueSpecification","valueRequired":true,"valueName":"search_term_string"}}],"inLanguage":"en-GB"},{"@type":"Organization","@id":"https:\/\/nuevo.logoband.es\/#organization","name":"Logoband Espa\u00f1a","url":"https:\/\/nuevo.logoband.es\/","logo":{"@type":"ImageObject","inLanguage":"en-GB","@id":"https:\/\/nuevo.logoband.es\/#\/schema\/logo\/image\/","url":"http:\/\/nuevo.logoband.es\/wp-content\/uploads\/2025\/03\/Logotipo-PNG.png","contentUrl":"http:\/\/nuevo.logoband.es\/wp-content\/uploads\/2025\/03\/Logotipo-PNG.png","width":500,"height":104,"caption":"Logoband Espa\u00f1a"},"image":{"@id":"https:\/\/nuevo.logoband.es\/#\/schema\/logo\/image\/"}}]}},"_links":{"self":[{"href":"https:\/\/nuevo.logoband.es\/en\/wp-json\/wp\/v2\/pages\/149","targetHints":{"allow":["GET"]}}],"collection":[{"href":"https:\/\/nuevo.logoband.es\/en\/wp-json\/wp\/v2\/pages"}],"about":[{"href":"https:\/\/nuevo.logoband.es\/en\/wp-json\/wp\/v2\/types\/page"}],"author":[{"embeddable":true,"href":"https:\/\/nuevo.logoband.es\/en\/wp-json\/wp\/v2\/users\/1"}],"replies":[{"embeddable":true,"href":"https:\/\/nuevo.logoband.es\/en\/wp-json\/wp\/v2\/comments?post=149"}],"version-history":[{"count":10,"href":"https:\/\/nuevo.logoband.es\/en\/wp-json\/wp\/v2\/pages\/149\/revisions"}],"predecessor-version":[{"id":3411,"href":"https:\/\/nuevo.logoband.es\/en\/wp-json\/wp\/v2\/pages\/149\/revisions\/3411"}],"wp:attachment":[{"href":"https:\/\/nuevo.logoband.es\/en\/wp-json\/wp\/v2\/media?parent=149"}],"curies":[{"name":"wp","href":"https:\/\/api.w.org\/{rel}","templated":true}]}}