{"id":1341,"date":"2025-06-14T13:02:41","date_gmt":"2025-06-14T11:02:41","guid":{"rendered":"https:\/\/nuevo.logoband.es\/?page_id=1341"},"modified":"2025-12-12T13:03:23","modified_gmt":"2025-12-12T12:03:23","slug":"token-tray","status":"publish","type":"page","link":"https:\/\/nuevo.logoband.es\/en\/token-tray\/","title":{"rendered":"Bandeja para fichas"},"content":{"rendered":"<div data-elementor-type=\"wp-page\" data-elementor-id=\"1341\" class=\"elementor elementor-1341\" data-elementor-post-type=\"page\">\n\t\t\t\t<div class=\"elementor-element elementor-element-2264c69 e-con-full e-flex e-con e-parent\" data-id=\"2264c69\" data-element_type=\"container\">\n\t\t<div class=\"elementor-element elementor-element-c0a42f7 e-con-full e-flex e-con e-child\" data-id=\"c0a42f7\" data-element_type=\"container\">\n\t\t\t\t<div class=\"elementor-element elementor-element-dbaea84 elementor-arrows-position-inside elementor-pagination-position-outside elementor-widget elementor-widget-image-carousel\" data-id=\"dbaea84\" data-element_type=\"widget\" data-settings=\"{&quot;slides_to_show&quot;:&quot;1&quot;,&quot;navigation&quot;:&quot;both&quot;,&quot;autoplay&quot;:&quot;yes&quot;,&quot;pause_on_hover&quot;:&quot;yes&quot;,&quot;pause_on_interaction&quot;:&quot;yes&quot;,&quot;autoplay_speed&quot;:5000,&quot;infinite&quot;:&quot;yes&quot;,&quot;effect&quot;:&quot;slide&quot;,&quot;speed&quot;:500}\" data-widget_type=\"image-carousel.default\">\n\t\t\t\t<div class=\"elementor-widget-container\">\n\t\t\t\t\t\t\t<div class=\"elementor-image-carousel-wrapper swiper\" role=\"region\" aria-roledescription=\"carousel\" aria-label=\"Image carousel\" dir=\"ltr\">\n\t\t\t<div class=\"elementor-image-carousel swiper-wrapper\" aria-live=\"off\">\n\t\t\t\t\t\t\t\t<div class=\"swiper-slide\" role=\"group\" aria-roledescription=\"slide\" aria-label=\"1 de 3\"><a data-elementor-open-lightbox=\"yes\" data-elementor-lightbox-slideshow=\"dbaea84\" data-elementor-lightbox-title=\"Tacka-sortujaca-zetony_2\" data-e-action-hash=\"#elementor-action%3Aaction%3Dlightbox%26settings%3DeyJpZCI6MTM0NCwidXJsIjoiaHR0cHM6XC9cL251ZXZvLmxvZ29iYW5kLmVzXC93cC1jb250ZW50XC91cGxvYWRzXC8yMDI1XC8wNlwvVGFja2Etc29ydHVqYWNhLXpldG9ueV8yLndlYnAiLCJzbGlkZXNob3ciOiJkYmFlYTg0In0%3D\" href=\"https:\/\/nuevo.logoband.es\/wp-content\/uploads\/2025\/06\/Tacka-sortujaca-zetony_2.webp\"><figure class=\"swiper-slide-inner\"><img decoding=\"async\" class=\"swiper-slide-image lazyload\" data-src=\"https:\/\/nuevo.logoband.es\/wp-content\/uploads\/2025\/06\/Tacka-sortujaca-zetony_2.webp\" alt=\"Bandeja para fichas varios huecos\" src=\"data:image\/svg+xml;base64,PHN2ZyB3aWR0aD0iMSIgaGVpZ2h0PSIxIiB4bWxucz0iaHR0cDovL3d3dy53My5vcmcvMjAwMC9zdmciPjwvc3ZnPg==\" style=\"--smush-placeholder-width: 500px; --smush-placeholder-aspect-ratio: 500\/500;\" \/><\/figure><\/a><\/div><div class=\"swiper-slide\" role=\"group\" aria-roledescription=\"slide\" aria-label=\"2 de 3\"><a data-elementor-open-lightbox=\"yes\" data-elementor-lightbox-slideshow=\"dbaea84\" data-elementor-lightbox-title=\"Tacka-sortujaca-zetony_3\" data-e-action-hash=\"#elementor-action%3Aaction%3Dlightbox%26settings%3DeyJpZCI6MTM0NSwidXJsIjoiaHR0cHM6XC9cL251ZXZvLmxvZ29iYW5kLmVzXC93cC1jb250ZW50XC91cGxvYWRzXC8yMDI1XC8wNlwvVGFja2Etc29ydHVqYWNhLXpldG9ueV8zLndlYnAiLCJzbGlkZXNob3ciOiJkYmFlYTg0In0%3D\" href=\"https:\/\/nuevo.logoband.es\/wp-content\/uploads\/2025\/06\/Tacka-sortujaca-zetony_3.webp\"><figure class=\"swiper-slide-inner\"><img decoding=\"async\" class=\"swiper-slide-image lazyload\" data-src=\"https:\/\/nuevo.logoband.es\/wp-content\/uploads\/2025\/06\/Tacka-sortujaca-zetony_3.webp\" alt=\"Bandeja para fichas baratas\" src=\"data:image\/svg+xml;base64,PHN2ZyB3aWR0aD0iMSIgaGVpZ2h0PSIxIiB4bWxucz0iaHR0cDovL3d3dy53My5vcmcvMjAwMC9zdmciPjwvc3ZnPg==\" style=\"--smush-placeholder-width: 800px; --smush-placeholder-aspect-ratio: 800\/799;\" \/><\/figure><\/a><\/div><div class=\"swiper-slide\" role=\"group\" aria-roledescription=\"slide\" aria-label=\"3 de 3\"><a data-elementor-open-lightbox=\"yes\" data-elementor-lightbox-slideshow=\"dbaea84\" data-elementor-lightbox-title=\"Tacka-sortujaca-zetony_1-320x240\" data-e-action-hash=\"#elementor-action%3Aaction%3Dlightbox%26settings%3DeyJpZCI6MTM0MiwidXJsIjoiaHR0cHM6XC9cL251ZXZvLmxvZ29iYW5kLmVzXC93cC1jb250ZW50XC91cGxvYWRzXC8yMDI1XC8wNlwvVGFja2Etc29ydHVqYWNhLXpldG9ueV8xLTMyMHgyNDAtMS53ZWJwIiwic2xpZGVzaG93IjoiZGJhZWE4NCJ9\" href=\"https:\/\/nuevo.logoband.es\/wp-content\/uploads\/2025\/06\/Tacka-sortujaca-zetony_1-320x240-1.webp\"><figure class=\"swiper-slide-inner\"><img decoding=\"async\" class=\"swiper-slide-image lazyload\" data-src=\"https:\/\/nuevo.logoband.es\/wp-content\/uploads\/2025\/06\/Tacka-sortujaca-zetony_1-320x240-1.webp\" alt=\"Bandeja para fichas al por mayor para eventos\" src=\"data:image\/svg+xml;base64,PHN2ZyB3aWR0aD0iMSIgaGVpZ2h0PSIxIiB4bWxucz0iaHR0cDovL3d3dy53My5vcmcvMjAwMC9zdmciPjwvc3ZnPg==\" style=\"--smush-placeholder-width: 320px; --smush-placeholder-aspect-ratio: 320\/240;\" \/><\/figure><\/a><\/div>\t\t\t<\/div>\n\t\t\t\t\t\t\t\t\t\t\t\t<div class=\"elementor-swiper-button elementor-swiper-button-prev\" role=\"button\" tabindex=\"0\">\n\t\t\t\t\t\t<svg aria-hidden=\"true\" class=\"e-font-icon-svg e-eicon-chevron-left\" viewbox=\"0 0 1000 1000\" xmlns=\"http:\/\/www.w3.org\/2000\/svg\"><path d=\"M646 125C629 125 613 133 604 142L308 442C296 454 292 471 292 487 292 504 296 521 308 533L604 854C617 867 629 875 646 875 663 875 679 871 692 858 704 846 713 829 713 812 713 796 708 779 692 767L438 487 692 225C700 217 708 204 708 187 708 171 704 154 692 142 675 129 663 125 646 125Z\"><\/path><\/svg>\t\t\t\t\t<\/div>\n\t\t\t\t\t<div class=\"elementor-swiper-button elementor-swiper-button-next\" role=\"button\" tabindex=\"0\">\n\t\t\t\t\t\t<svg aria-hidden=\"true\" class=\"e-font-icon-svg e-eicon-chevron-right\" viewbox=\"0 0 1000 1000\" xmlns=\"http:\/\/www.w3.org\/2000\/svg\"><path d=\"M696 533C708 521 713 504 713 487 713 471 708 454 696 446L400 146C388 133 375 125 354 125 338 125 325 129 313 142 300 154 292 171 292 187 292 204 296 221 308 233L563 492 304 771C292 783 288 800 288 817 288 833 296 850 308 863 321 871 338 875 354 875 371 875 388 867 400 854L696 533Z\"><\/path><\/svg>\t\t\t\t\t<\/div>\n\t\t\t\t\n\t\t\t\t\t\t\t\t\t<div class=\"swiper-pagination\"><\/div>\n\t\t\t\t\t\t\t\t\t<\/div>\n\t\t\t\t\t\t<\/div>\n\t\t\t\t<\/div>\n\t\t\t\t<\/div>\n\t\t<div class=\"elementor-element elementor-element-b44bb0a e-con-full e-flex e-con e-child\" data-id=\"b44bb0a\" data-element_type=\"container\">\n\t\t\t\t<div class=\"elementor-element elementor-element-6107d8a elementor-widget elementor-widget-heading\" data-id=\"6107d8a\" data-element_type=\"widget\" data-widget_type=\"heading.default\">\n\t\t\t\t<div class=\"elementor-widget-container\">\n\t\t\t\t\t<h1 class=\"elementor-heading-title elementor-size-default\">Bandeja para fichas<\/h1>\t\t\t\t<\/div>\n\t\t\t\t<\/div>\n\t\t\t\t<div class=\"elementor-element elementor-element-ec87a07 elementor-widget elementor-widget-text-editor\" data-id=\"ec87a07\" data-element_type=\"widget\" data-widget_type=\"text-editor.default\">\n\t\t\t\t<div class=\"elementor-widget-container\">\n\t\t\t\t\t\t\t\t\t<p>La bandeja est\u00e1 hecha de pl\u00e1stico, se pueden almacenar 500 unidades de fichas, la bandeja contiene 50 ranuras, cada ranura est\u00e1 dise\u00f1ada para 10 fichas.<\/p><p><strong>Solicitud<\/strong><\/p><p>Bandeja para clasificar las fichas, ayuda a contarlas y mantenerlas en orden. Perfecto para eventos grandes, donde se necesitan mayores cantidades de tokens.<\/p>\t\t\t\t\t\t\t\t<\/div>\n\t\t\t\t<\/div>\n\t\t<div class=\"elementor-element elementor-element-01ec774 e-grid e-con-full e-con e-child\" data-id=\"01ec774\" data-element_type=\"container\">\n\t\t\t\t<div class=\"elementor-element elementor-element-3f74d89 elementor-widget elementor-widget-button\" data-id=\"3f74d89\" data-element_type=\"widget\" data-widget_type=\"button.default\">\n\t\t\t\t<div class=\"elementor-widget-container\">\n\t\t\t\t\t\t\t\t\t<div class=\"elementor-button-wrapper\">\n\t\t\t\t\t<a class=\"elementor-button elementor-size-sm elementor-animation-grow\" role=\"button\">\n\t\t\t\t\t\t<span class=\"elementor-button-content-wrapper\">\n\t\t\t\t\t\t\t\t\t<span class=\"elementor-button-text\">Delivery time<br>4 days<\/span>\n\t\t\t\t\t<\/span>\n\t\t\t\t\t<\/a>\n\t\t\t\t<\/div>\n\t\t\t\t\t\t\t\t<\/div>\n\t\t\t\t<\/div>\n\t\t\t\t<div class=\"elementor-element elementor-element-0c7ef83 elementor-widget elementor-widget-button\" data-id=\"0c7ef83\" data-element_type=\"widget\" data-widget_type=\"button.default\">\n\t\t\t\t<div class=\"elementor-widget-container\">\n\t\t\t\t\t\t\t\t\t<div class=\"elementor-button-wrapper\">\n\t\t\t\t\t<a class=\"elementor-button elementor-size-sm elementor-animation-grow\" role=\"button\">\n\t\t\t\t\t\t<span class=\"elementor-button-content-wrapper\">\n\t\t\t\t\t\t\t\t\t<span class=\"elementor-button-text\">Minimum order<br>100 units<\/span>\n\t\t\t\t\t<\/span>\n\t\t\t\t\t<\/a>\n\t\t\t\t<\/div>\n\t\t\t\t\t\t\t\t<\/div>\n\t\t\t\t<\/div>\n\t\t\t\t<\/div>\n\t\t\t\t<div class=\"elementor-element elementor-element-fe9a610 elementor-align-left elementor-mobile-align-center elementor-widget elementor-widget-button\" data-id=\"fe9a610\" data-element_type=\"widget\" data-widget_type=\"button.default\">\n\t\t\t\t<div class=\"elementor-widget-container\">\n\t\t\t\t\t\t\t\t\t<div class=\"elementor-button-wrapper\">\n\t\t\t\t\t<a class=\"elementor-button elementor-button-link elementor-size-sm elementor-animation-grow\" href=\"#elementor-action%3Aaction%3Dpopup%3Aopen%26settings%3DeyJpZCI6IjM1NzgiLCJ0b2dnbGUiOmZhbHNlfQ%3D%3D\">\n\t\t\t\t\t\t<span class=\"elementor-button-content-wrapper\">\n\t\t\t\t\t\t\t\t\t<span class=\"elementor-button-text\">Ask about the product<\/span>\n\t\t\t\t\t<\/span>\n\t\t\t\t\t<\/a>\n\t\t\t\t<\/div>\n\t\t\t\t\t\t\t\t<\/div>\n\t\t\t\t<\/div>\n\t\t\t\t<\/div>\n\t\t\t\t<\/div>\n\t\t\t\t<\/div>","protected":false},"excerpt":{"rendered":"<p>Bandeja para fichas La bandeja est\u00e1 hecha de pl\u00e1stico, se pueden almacenar 500 unidades de fichas, la bandeja contiene 50 ranuras, cada ranura est\u00e1 dise\u00f1ada para 10 fichas. Solicitud Bandeja para clasificar las fichas, ayuda a contarlas y mantenerlas en orden. Perfecto para eventos grandes, donde se necesitan mayores cantidades de tokens. Tiempo de entrega4 [&hellip;]<\/p>","protected":false},"author":1,"featured_media":1342,"parent":0,"menu_order":0,"comment_status":"closed","ping_status":"closed","template":"elementor_header_footer","meta":{"footnotes":""},"class_list":["post-1341","page","type-page","status-publish","has-post-thumbnail","hentry"],"yoast_head":"<!-- This site is optimized with the Yoast SEO plugin v26.7 - https:\/\/yoast.com\/wordpress\/plugins\/seo\/ -->\n<title>Bandeja para fichas - Logoband Espa\u00f1a<\/title>\n<meta name=\"description\" content=\"Bandejas resistentes para organizar fichas en eventos o festivales. Mejora el control y la gesti\u00f3n de tokens de forma eficiente.\" \/>\n<meta name=\"robots\" content=\"index, follow, max-snippet:-1, max-image-preview:large, max-video-preview:-1\" \/>\n<link rel=\"canonical\" href=\"https:\/\/nuevo.logoband.es\/en\/token-tray\/\" \/>\n<meta property=\"og:locale\" content=\"en_GB\" \/>\n<meta property=\"og:type\" content=\"article\" \/>\n<meta property=\"og:title\" content=\"Bandeja para fichas - Logoband Espa\u00f1a\" \/>\n<meta property=\"og:description\" content=\"Bandejas resistentes para organizar fichas en eventos o festivales. Mejora el control y la gesti\u00f3n de tokens de forma eficiente.\" \/>\n<meta property=\"og:url\" content=\"https:\/\/nuevo.logoband.es\/en\/token-tray\/\" \/>\n<meta property=\"og:site_name\" content=\"Logoband Espa\u00f1a\" \/>\n<meta property=\"article:modified_time\" content=\"2025-12-12T12:03:23+00:00\" \/>\n<meta property=\"og:image\" content=\"https:\/\/nuevo.logoband.es\/wp-content\/uploads\/2025\/06\/Tacka-sortujaca-zetony_1-320x240-1.webp\" \/>\n\t<meta property=\"og:image:width\" content=\"320\" \/>\n\t<meta property=\"og:image:height\" content=\"240\" \/>\n\t<meta property=\"og:image:type\" content=\"image\/webp\" \/>\n<meta name=\"twitter:card\" content=\"summary_large_image\" \/>\n<meta name=\"twitter:label1\" content=\"Estimated reading time\" \/>\n\t<meta name=\"twitter:data1\" content=\"2 minutes\" \/>\n<script type=\"application\/ld+json\" class=\"yoast-schema-graph\">{\"@context\":\"https:\/\/schema.org\",\"@graph\":[{\"@type\":\"WebPage\",\"@id\":\"https:\/\/nuevo.logoband.es\/token-tray\/\",\"url\":\"https:\/\/nuevo.logoband.es\/token-tray\/\",\"name\":\"Bandeja para fichas - Logoband Espa\u00f1a\",\"isPartOf\":{\"@id\":\"https:\/\/nuevo.logoband.es\/#website\"},\"primaryImageOfPage\":{\"@id\":\"https:\/\/nuevo.logoband.es\/token-tray\/#primaryimage\"},\"image\":{\"@id\":\"https:\/\/nuevo.logoband.es\/token-tray\/#primaryimage\"},\"thumbnailUrl\":\"https:\/\/nuevo.logoband.es\/wp-content\/uploads\/2025\/06\/Tacka-sortujaca-zetony_1-320x240-1.webp\",\"datePublished\":\"2025-06-14T11:02:41+00:00\",\"dateModified\":\"2025-12-12T12:03:23+00:00\",\"description\":\"Bandejas resistentes para organizar fichas en eventos o festivales. Mejora el control y la gesti\u00f3n de tokens de forma eficiente.\",\"breadcrumb\":{\"@id\":\"https:\/\/nuevo.logoband.es\/token-tray\/#breadcrumb\"},\"inLanguage\":\"en-GB\",\"potentialAction\":[{\"@type\":\"ReadAction\",\"target\":[\"https:\/\/nuevo.logoband.es\/token-tray\/\"]}]},{\"@type\":\"ImageObject\",\"inLanguage\":\"en-GB\",\"@id\":\"https:\/\/nuevo.logoband.es\/token-tray\/#primaryimage\",\"url\":\"https:\/\/nuevo.logoband.es\/wp-content\/uploads\/2025\/06\/Tacka-sortujaca-zetony_1-320x240-1.webp\",\"contentUrl\":\"https:\/\/nuevo.logoband.es\/wp-content\/uploads\/2025\/06\/Tacka-sortujaca-zetony_1-320x240-1.webp\",\"width\":320,\"height\":240,\"caption\":\"Bandeja para fichas al por mayor para eventos\"},{\"@type\":\"BreadcrumbList\",\"@id\":\"https:\/\/nuevo.logoband.es\/token-tray\/#breadcrumb\",\"itemListElement\":[{\"@type\":\"ListItem\",\"position\":1,\"name\":\"Portada\",\"item\":\"https:\/\/nuevo.logoband.es\/\"},{\"@type\":\"ListItem\",\"position\":2,\"name\":\"Bandeja para fichas\"}]},{\"@type\":\"WebSite\",\"@id\":\"https:\/\/nuevo.logoband.es\/#website\",\"url\":\"https:\/\/nuevo.logoband.es\/\",\"name\":\"Logoband Espa\u00f1a\",\"description\":\"Lanyards y pulseras personalizadas\",\"publisher\":{\"@id\":\"https:\/\/nuevo.logoband.es\/#organization\"},\"potentialAction\":[{\"@type\":\"SearchAction\",\"target\":{\"@type\":\"EntryPoint\",\"urlTemplate\":\"https:\/\/nuevo.logoband.es\/?s={search_term_string}\"},\"query-input\":{\"@type\":\"PropertyValueSpecification\",\"valueRequired\":true,\"valueName\":\"search_term_string\"}}],\"inLanguage\":\"en-GB\"},{\"@type\":\"Organization\",\"@id\":\"https:\/\/nuevo.logoband.es\/#organization\",\"name\":\"Logoband Espa\u00f1a\",\"url\":\"https:\/\/nuevo.logoband.es\/\",\"logo\":{\"@type\":\"ImageObject\",\"inLanguage\":\"en-GB\",\"@id\":\"https:\/\/nuevo.logoband.es\/#\/schema\/logo\/image\/\",\"url\":\"http:\/\/nuevo.logoband.es\/wp-content\/uploads\/2025\/03\/Logotipo-PNG.png\",\"contentUrl\":\"http:\/\/nuevo.logoband.es\/wp-content\/uploads\/2025\/03\/Logotipo-PNG.png\",\"width\":500,\"height\":104,\"caption\":\"Logoband Espa\u00f1a\"},\"image\":{\"@id\":\"https:\/\/nuevo.logoband.es\/#\/schema\/logo\/image\/\"}}]}<\/script>\n<!-- \/ Yoast SEO plugin. -->","yoast_head_json":{"title":"Bandeja para fichas - Logoband Espa\u00f1a","description":"Bandejas resistentes para organizar fichas en eventos o festivales. Mejora el control y la gesti\u00f3n de tokens de forma eficiente.","robots":{"index":"index","follow":"follow","max-snippet":"max-snippet:-1","max-image-preview":"max-image-preview:large","max-video-preview":"max-video-preview:-1"},"canonical":"https:\/\/nuevo.logoband.es\/en\/token-tray\/","og_locale":"en_GB","og_type":"article","og_title":"Bandeja para fichas - Logoband Espa\u00f1a","og_description":"Bandejas resistentes para organizar fichas en eventos o festivales. Mejora el control y la gesti\u00f3n de tokens de forma eficiente.","og_url":"https:\/\/nuevo.logoband.es\/en\/token-tray\/","og_site_name":"Logoband Espa\u00f1a","article_modified_time":"2025-12-12T12:03:23+00:00","og_image":[{"width":320,"height":240,"url":"https:\/\/nuevo.logoband.es\/wp-content\/uploads\/2025\/06\/Tacka-sortujaca-zetony_1-320x240-1.webp","type":"image\/webp"}],"twitter_card":"summary_large_image","twitter_misc":{"Estimated reading time":"2 minutes"},"schema":{"@context":"https:\/\/schema.org","@graph":[{"@type":"WebPage","@id":"https:\/\/nuevo.logoband.es\/token-tray\/","url":"https:\/\/nuevo.logoband.es\/token-tray\/","name":"Bandeja para fichas - Logoband Espa\u00f1a","isPartOf":{"@id":"https:\/\/nuevo.logoband.es\/#website"},"primaryImageOfPage":{"@id":"https:\/\/nuevo.logoband.es\/token-tray\/#primaryimage"},"image":{"@id":"https:\/\/nuevo.logoband.es\/token-tray\/#primaryimage"},"thumbnailUrl":"https:\/\/nuevo.logoband.es\/wp-content\/uploads\/2025\/06\/Tacka-sortujaca-zetony_1-320x240-1.webp","datePublished":"2025-06-14T11:02:41+00:00","dateModified":"2025-12-12T12:03:23+00:00","description":"Bandejas resistentes para organizar fichas en eventos o festivales. Mejora el control y la gesti\u00f3n de tokens de forma eficiente.","breadcrumb":{"@id":"https:\/\/nuevo.logoband.es\/token-tray\/#breadcrumb"},"inLanguage":"en-GB","potentialAction":[{"@type":"ReadAction","target":["https:\/\/nuevo.logoband.es\/token-tray\/"]}]},{"@type":"ImageObject","inLanguage":"en-GB","@id":"https:\/\/nuevo.logoband.es\/token-tray\/#primaryimage","url":"https:\/\/nuevo.logoband.es\/wp-content\/uploads\/2025\/06\/Tacka-sortujaca-zetony_1-320x240-1.webp","contentUrl":"https:\/\/nuevo.logoband.es\/wp-content\/uploads\/2025\/06\/Tacka-sortujaca-zetony_1-320x240-1.webp","width":320,"height":240,"caption":"Bandeja para fichas al por mayor para eventos"},{"@type":"BreadcrumbList","@id":"https:\/\/nuevo.logoband.es\/token-tray\/#breadcrumb","itemListElement":[{"@type":"ListItem","position":1,"name":"Portada","item":"https:\/\/nuevo.logoband.es\/"},{"@type":"ListItem","position":2,"name":"Bandeja para fichas"}]},{"@type":"WebSite","@id":"https:\/\/nuevo.logoband.es\/#website","url":"https:\/\/nuevo.logoband.es\/","name":"Logoband Espa\u00f1a","description":"Lanyards y pulseras personalizadas","publisher":{"@id":"https:\/\/nuevo.logoband.es\/#organization"},"potentialAction":[{"@type":"SearchAction","target":{"@type":"EntryPoint","urlTemplate":"https:\/\/nuevo.logoband.es\/?s={search_term_string}"},"query-input":{"@type":"PropertyValueSpecification","valueRequired":true,"valueName":"search_term_string"}}],"inLanguage":"en-GB"},{"@type":"Organization","@id":"https:\/\/nuevo.logoband.es\/#organization","name":"Logoband Espa\u00f1a","url":"https:\/\/nuevo.logoband.es\/","logo":{"@type":"ImageObject","inLanguage":"en-GB","@id":"https:\/\/nuevo.logoband.es\/#\/schema\/logo\/image\/","url":"http:\/\/nuevo.logoband.es\/wp-content\/uploads\/2025\/03\/Logotipo-PNG.png","contentUrl":"http:\/\/nuevo.logoband.es\/wp-content\/uploads\/2025\/03\/Logotipo-PNG.png","width":500,"height":104,"caption":"Logoband Espa\u00f1a"},"image":{"@id":"https:\/\/nuevo.logoband.es\/#\/schema\/logo\/image\/"}}]}},"_links":{"self":[{"href":"https:\/\/nuevo.logoband.es\/en\/wp-json\/wp\/v2\/pages\/1341","targetHints":{"allow":["GET"]}}],"collection":[{"href":"https:\/\/nuevo.logoband.es\/en\/wp-json\/wp\/v2\/pages"}],"about":[{"href":"https:\/\/nuevo.logoband.es\/en\/wp-json\/wp\/v2\/types\/page"}],"author":[{"embeddable":true,"href":"https:\/\/nuevo.logoband.es\/en\/wp-json\/wp\/v2\/users\/1"}],"replies":[{"embeddable":true,"href":"https:\/\/nuevo.logoband.es\/en\/wp-json\/wp\/v2\/comments?post=1341"}],"version-history":[{"count":19,"href":"https:\/\/nuevo.logoband.es\/en\/wp-json\/wp\/v2\/pages\/1341\/revisions"}],"predecessor-version":[{"id":3707,"href":"https:\/\/nuevo.logoband.es\/en\/wp-json\/wp\/v2\/pages\/1341\/revisions\/3707"}],"wp:featuredmedia":[{"embeddable":true,"href":"https:\/\/nuevo.logoband.es\/en\/wp-json\/wp\/v2\/media\/1342"}],"wp:attachment":[{"href":"https:\/\/nuevo.logoband.es\/en\/wp-json\/wp\/v2\/media?parent=1341"}],"curies":[{"name":"wp","href":"https:\/\/api.w.org\/{rel}","templated":true}]}}