{"id":1257,"date":"2025-06-14T09:52:57","date_gmt":"2025-06-14T07:52:57","guid":{"rendered":"https:\/\/nuevo.logoband.es\/?page_id=1257"},"modified":"2025-12-12T12:58:29","modified_gmt":"2025-12-12T11:58:29","slug":"usb-ecologicos","status":"publish","type":"page","link":"https:\/\/nuevo.logoband.es\/en\/usb-ecologicos\/","title":{"rendered":"USB ecol\u00f3gicos"},"content":{"rendered":"<div data-elementor-type=\"wp-page\" data-elementor-id=\"1257\" class=\"elementor elementor-1257\" data-elementor-post-type=\"page\">\n\t\t\t\t<div class=\"elementor-element elementor-element-2264c69 e-con-full e-flex e-con e-parent\" data-id=\"2264c69\" data-element_type=\"container\">\n\t\t<div class=\"elementor-element elementor-element-c0a42f7 e-con-full e-flex e-con e-child\" data-id=\"c0a42f7\" data-element_type=\"container\">\n\t\t\t\t<div class=\"elementor-element elementor-element-f1c378c elementor-widget elementor-widget-image\" data-id=\"f1c378c\" data-element_type=\"widget\" data-widget_type=\"image.default\">\n\t\t\t\t<div class=\"elementor-widget-container\">\n\t\t\t\t\t\t\t\t\t\t\t\t\t\t\t\t<a href=\"https:\/\/nuevo.logoband.es\/wp-content\/uploads\/2025\/06\/eco-usb.webp\" data-elementor-open-lightbox=\"yes\" data-elementor-lightbox-title=\"eco-usb\" data-e-action-hash=\"#elementor-action%3Aaction%3Dlightbox%26settings%3DeyJpZCI6MTI1OCwidXJsIjoiaHR0cHM6XC9cL251ZXZvLmxvZ29iYW5kLmVzXC93cC1jb250ZW50XC91cGxvYWRzXC8yMDI1XC8wNlwvZWNvLXVzYi53ZWJwIn0%3D\">\n\t\t\t\t\t\t\t<img fetchpriority=\"high\" decoding=\"async\" width=\"320\" height=\"240\" src=\"https:\/\/nuevo.logoband.es\/wp-content\/uploads\/2025\/06\/eco-usb.webp\" class=\"attachment-full size-full wp-image-1258\" alt=\"USB ecol\u00f3gicos personalizados\" srcset=\"https:\/\/nuevo.logoband.es\/wp-content\/uploads\/2025\/06\/eco-usb.webp 320w, https:\/\/nuevo.logoband.es\/wp-content\/uploads\/2025\/06\/eco-usb-300x225.webp 300w\" sizes=\"(max-width: 320px) 100vw, 320px\" \/>\t\t\t\t\t\t\t\t<\/a>\n\t\t\t\t\t\t\t\t\t\t\t\t\t\t\t<\/div>\n\t\t\t\t<\/div>\n\t\t\t\t<\/div>\n\t\t<div class=\"elementor-element elementor-element-b44bb0a e-con-full e-flex e-con e-child\" data-id=\"b44bb0a\" data-element_type=\"container\">\n\t\t\t\t<div class=\"elementor-element elementor-element-6107d8a elementor-widget elementor-widget-heading\" data-id=\"6107d8a\" data-element_type=\"widget\" data-widget_type=\"heading.default\">\n\t\t\t\t<div class=\"elementor-widget-container\">\n\t\t\t\t\t<h1 class=\"elementor-heading-title elementor-size-default\">USB ecol\u00f3gicos\n<\/h1>\t\t\t\t<\/div>\n\t\t\t\t<\/div>\n\t\t\t\t<div class=\"elementor-element elementor-element-ec87a07 elementor-widget elementor-widget-text-editor\" data-id=\"ec87a07\" data-element_type=\"widget\" data-widget_type=\"text-editor.default\">\n\t\t\t\t<div class=\"elementor-widget-container\">\n\t\t\t\t\t\t\t\t\t<p data-start=\"491\" data-end=\"847\">Los USB ecol\u00f3gicos personalizados son una excelente alternativa para las empresas que buscan un producto promocional \u00fatil, elegante y respetuoso con el medioambiente. En Logoband ofrecemos memorias USB ecol\u00f3gicas fabricadas en materiales sostenibles como madera, bamb\u00fa o corcho, ideales para campa\u00f1as de marketing verde o regalos corporativos responsables.<\/p><p data-start=\"849\" data-end=\"1110\">Estos dispositivos combinan funcionalidad y dise\u00f1o natural, reflejando un compromiso ambiental claro y positivo por parte de tu empresa. Adem\u00e1s, puedes personalizarlos con tu logotipo mediante grabado l\u00e1ser o serigraf\u00eda, logrando un acabado elegante y duradero.<\/p><p data-start=\"1112\" data-end=\"1367\">Disponibles en distintas capacidades y formatos, los USB ecol\u00f3gicos no solo destacan por su apariencia org\u00e1nica, sino tambi\u00e9n por su fiabilidad tecnol\u00f3gica. Son perfectos para ferias, presentaciones o acciones promocionales enfocadas en la sostenibilidad.<\/p>\t\t\t\t\t\t\t\t<\/div>\n\t\t\t\t<\/div>\n\t\t\t\t<div class=\"elementor-element elementor-element-fe9a610 elementor-align-left elementor-mobile-align-center elementor-widget elementor-widget-button\" data-id=\"fe9a610\" data-element_type=\"widget\" data-widget_type=\"button.default\">\n\t\t\t\t<div class=\"elementor-widget-container\">\n\t\t\t\t\t\t\t\t\t<div class=\"elementor-button-wrapper\">\n\t\t\t\t\t<a class=\"elementor-button elementor-button-link elementor-size-sm elementor-animation-grow\" href=\"#elementor-action%3Aaction%3Dpopup%3Aopen%26settings%3DeyJpZCI6IjM1NzgiLCJ0b2dnbGUiOmZhbHNlfQ%3D%3D\">\n\t\t\t\t\t\t<span class=\"elementor-button-content-wrapper\">\n\t\t\t\t\t\t\t\t\t<span class=\"elementor-button-text\">Ask about the product<\/span>\n\t\t\t\t\t<\/span>\n\t\t\t\t\t<\/a>\n\t\t\t\t<\/div>\n\t\t\t\t\t\t\t\t<\/div>\n\t\t\t\t<\/div>\n\t\t<div class=\"elementor-element elementor-element-01ec774 e-grid e-con-full e-con e-child\" data-id=\"01ec774\" data-element_type=\"container\">\n\t\t\t\t<div class=\"elementor-element elementor-element-3f74d89 elementor-widget elementor-widget-button\" data-id=\"3f74d89\" data-element_type=\"widget\" data-widget_type=\"button.default\">\n\t\t\t\t<div class=\"elementor-widget-container\">\n\t\t\t\t\t\t\t\t\t<div class=\"elementor-button-wrapper\">\n\t\t\t\t\t<a class=\"elementor-button elementor-size-sm elementor-animation-grow\" role=\"button\">\n\t\t\t\t\t\t<span class=\"elementor-button-content-wrapper\">\n\t\t\t\t\t\t\t\t\t<span class=\"elementor-button-text\">Delivery time<br>10 days<\/span>\n\t\t\t\t\t<\/span>\n\t\t\t\t\t<\/a>\n\t\t\t\t<\/div>\n\t\t\t\t\t\t\t\t<\/div>\n\t\t\t\t<\/div>\n\t\t\t\t<div class=\"elementor-element elementor-element-0c7ef83 elementor-widget elementor-widget-button\" data-id=\"0c7ef83\" data-element_type=\"widget\" data-widget_type=\"button.default\">\n\t\t\t\t<div class=\"elementor-widget-container\">\n\t\t\t\t\t\t\t\t\t<div class=\"elementor-button-wrapper\">\n\t\t\t\t\t<a class=\"elementor-button elementor-size-sm elementor-animation-grow\" role=\"button\">\n\t\t\t\t\t\t<span class=\"elementor-button-content-wrapper\">\n\t\t\t\t\t\t\t\t\t<span class=\"elementor-button-text\">Minimum order<br>100 units<\/span>\n\t\t\t\t\t<\/span>\n\t\t\t\t\t<\/a>\n\t\t\t\t<\/div>\n\t\t\t\t\t\t\t\t<\/div>\n\t\t\t\t<\/div>\n\t\t\t\t<\/div>\n\t\t\t\t<\/div>\n\t\t\t\t<\/div>\n\t\t\t\t<\/div>","protected":false},"excerpt":{"rendered":"<p>USB ecol\u00f3gicos Los USB ecol\u00f3gicos personalizados son una excelente alternativa para las empresas que buscan un producto promocional \u00fatil, elegante y respetuoso con el medioambiente. En Logoband ofrecemos memorias USB ecol\u00f3gicas fabricadas en materiales sostenibles como madera, bamb\u00fa o corcho, ideales para campa\u00f1as de marketing verde o regalos corporativos responsables. Estos dispositivos combinan funcionalidad y [&hellip;]<\/p>","protected":false},"author":1,"featured_media":1258,"parent":0,"menu_order":0,"comment_status":"closed","ping_status":"closed","template":"elementor_header_footer","meta":{"footnotes":""},"class_list":["post-1257","page","type-page","status-publish","has-post-thumbnail","hentry"],"yoast_head":"<!-- This site is optimized with the Yoast SEO plugin v26.7 - https:\/\/yoast.com\/wordpress\/plugins\/seo\/ -->\n<title>USB ecol\u00f3gicos - Logoband Espa\u00f1a<\/title>\n<meta name=\"description\" content=\"USB ecol\u00f3gicos personalizados con tu logo. Fabricados en madera o bamb\u00fa, ideales para empresas comprometidas con el medioambiente.\" \/>\n<meta name=\"robots\" content=\"index, follow, max-snippet:-1, max-image-preview:large, max-video-preview:-1\" \/>\n<link rel=\"canonical\" href=\"https:\/\/nuevo.logoband.es\/en\/usb-ecologicos\/\" \/>\n<meta property=\"og:locale\" content=\"en_GB\" \/>\n<meta property=\"og:type\" content=\"article\" \/>\n<meta property=\"og:title\" content=\"USB ecol\u00f3gicos - Logoband Espa\u00f1a\" \/>\n<meta property=\"og:description\" content=\"USB ecol\u00f3gicos personalizados con tu logo. Fabricados en madera o bamb\u00fa, ideales para empresas comprometidas con el medioambiente.\" \/>\n<meta property=\"og:url\" content=\"https:\/\/nuevo.logoband.es\/en\/usb-ecologicos\/\" \/>\n<meta property=\"og:site_name\" content=\"Logoband Espa\u00f1a\" \/>\n<meta property=\"article:modified_time\" content=\"2025-12-12T11:58:29+00:00\" \/>\n<meta property=\"og:image\" content=\"https:\/\/nuevo.logoband.es\/wp-content\/uploads\/2025\/06\/eco-usb.webp\" \/>\n\t<meta property=\"og:image:width\" content=\"320\" \/>\n\t<meta property=\"og:image:height\" content=\"240\" \/>\n\t<meta property=\"og:image:type\" content=\"image\/webp\" \/>\n<meta name=\"twitter:card\" content=\"summary_large_image\" \/>\n<meta name=\"twitter:label1\" content=\"Estimated reading time\" \/>\n\t<meta name=\"twitter:data1\" content=\"1 minute\" \/>\n<script type=\"application\/ld+json\" class=\"yoast-schema-graph\">{\"@context\":\"https:\/\/schema.org\",\"@graph\":[{\"@type\":\"WebPage\",\"@id\":\"https:\/\/nuevo.logoband.es\/usb-ecologicos\/\",\"url\":\"https:\/\/nuevo.logoband.es\/usb-ecologicos\/\",\"name\":\"USB ecol\u00f3gicos - Logoband Espa\u00f1a\",\"isPartOf\":{\"@id\":\"https:\/\/nuevo.logoband.es\/#website\"},\"primaryImageOfPage\":{\"@id\":\"https:\/\/nuevo.logoband.es\/usb-ecologicos\/#primaryimage\"},\"image\":{\"@id\":\"https:\/\/nuevo.logoband.es\/usb-ecologicos\/#primaryimage\"},\"thumbnailUrl\":\"https:\/\/nuevo.logoband.es\/wp-content\/uploads\/2025\/06\/eco-usb.webp\",\"datePublished\":\"2025-06-14T07:52:57+00:00\",\"dateModified\":\"2025-12-12T11:58:29+00:00\",\"description\":\"USB ecol\u00f3gicos personalizados con tu logo. Fabricados en madera o bamb\u00fa, ideales para empresas comprometidas con el medioambiente.\",\"breadcrumb\":{\"@id\":\"https:\/\/nuevo.logoband.es\/usb-ecologicos\/#breadcrumb\"},\"inLanguage\":\"en-GB\",\"potentialAction\":[{\"@type\":\"ReadAction\",\"target\":[\"https:\/\/nuevo.logoband.es\/usb-ecologicos\/\"]}]},{\"@type\":\"ImageObject\",\"inLanguage\":\"en-GB\",\"@id\":\"https:\/\/nuevo.logoband.es\/usb-ecologicos\/#primaryimage\",\"url\":\"https:\/\/nuevo.logoband.es\/wp-content\/uploads\/2025\/06\/eco-usb.webp\",\"contentUrl\":\"https:\/\/nuevo.logoband.es\/wp-content\/uploads\/2025\/06\/eco-usb.webp\",\"width\":320,\"height\":240,\"caption\":\"USB ecol\u00f3gicos personalizados\"},{\"@type\":\"BreadcrumbList\",\"@id\":\"https:\/\/nuevo.logoband.es\/usb-ecologicos\/#breadcrumb\",\"itemListElement\":[{\"@type\":\"ListItem\",\"position\":1,\"name\":\"Portada\",\"item\":\"https:\/\/nuevo.logoband.es\/\"},{\"@type\":\"ListItem\",\"position\":2,\"name\":\"USB ecol\u00f3gicos\"}]},{\"@type\":\"WebSite\",\"@id\":\"https:\/\/nuevo.logoband.es\/#website\",\"url\":\"https:\/\/nuevo.logoband.es\/\",\"name\":\"Logoband Espa\u00f1a\",\"description\":\"Lanyards y pulseras personalizadas\",\"publisher\":{\"@id\":\"https:\/\/nuevo.logoband.es\/#organization\"},\"potentialAction\":[{\"@type\":\"SearchAction\",\"target\":{\"@type\":\"EntryPoint\",\"urlTemplate\":\"https:\/\/nuevo.logoband.es\/?s={search_term_string}\"},\"query-input\":{\"@type\":\"PropertyValueSpecification\",\"valueRequired\":true,\"valueName\":\"search_term_string\"}}],\"inLanguage\":\"en-GB\"},{\"@type\":\"Organization\",\"@id\":\"https:\/\/nuevo.logoband.es\/#organization\",\"name\":\"Logoband Espa\u00f1a\",\"url\":\"https:\/\/nuevo.logoband.es\/\",\"logo\":{\"@type\":\"ImageObject\",\"inLanguage\":\"en-GB\",\"@id\":\"https:\/\/nuevo.logoband.es\/#\/schema\/logo\/image\/\",\"url\":\"http:\/\/nuevo.logoband.es\/wp-content\/uploads\/2025\/03\/Logotipo-PNG.png\",\"contentUrl\":\"http:\/\/nuevo.logoband.es\/wp-content\/uploads\/2025\/03\/Logotipo-PNG.png\",\"width\":500,\"height\":104,\"caption\":\"Logoband Espa\u00f1a\"},\"image\":{\"@id\":\"https:\/\/nuevo.logoband.es\/#\/schema\/logo\/image\/\"}}]}<\/script>\n<!-- \/ Yoast SEO plugin. -->","yoast_head_json":{"title":"USB ecol\u00f3gicos - Logoband Espa\u00f1a","description":"USB ecol\u00f3gicos personalizados con tu logo. Fabricados en madera o bamb\u00fa, ideales para empresas comprometidas con el medioambiente.","robots":{"index":"index","follow":"follow","max-snippet":"max-snippet:-1","max-image-preview":"max-image-preview:large","max-video-preview":"max-video-preview:-1"},"canonical":"https:\/\/nuevo.logoband.es\/en\/usb-ecologicos\/","og_locale":"en_GB","og_type":"article","og_title":"USB ecol\u00f3gicos - Logoband Espa\u00f1a","og_description":"USB ecol\u00f3gicos personalizados con tu logo. Fabricados en madera o bamb\u00fa, ideales para empresas comprometidas con el medioambiente.","og_url":"https:\/\/nuevo.logoband.es\/en\/usb-ecologicos\/","og_site_name":"Logoband Espa\u00f1a","article_modified_time":"2025-12-12T11:58:29+00:00","og_image":[{"width":320,"height":240,"url":"https:\/\/nuevo.logoband.es\/wp-content\/uploads\/2025\/06\/eco-usb.webp","type":"image\/webp"}],"twitter_card":"summary_large_image","twitter_misc":{"Estimated reading time":"1 minute"},"schema":{"@context":"https:\/\/schema.org","@graph":[{"@type":"WebPage","@id":"https:\/\/nuevo.logoband.es\/usb-ecologicos\/","url":"https:\/\/nuevo.logoband.es\/usb-ecologicos\/","name":"USB ecol\u00f3gicos - Logoband Espa\u00f1a","isPartOf":{"@id":"https:\/\/nuevo.logoband.es\/#website"},"primaryImageOfPage":{"@id":"https:\/\/nuevo.logoband.es\/usb-ecologicos\/#primaryimage"},"image":{"@id":"https:\/\/nuevo.logoband.es\/usb-ecologicos\/#primaryimage"},"thumbnailUrl":"https:\/\/nuevo.logoband.es\/wp-content\/uploads\/2025\/06\/eco-usb.webp","datePublished":"2025-06-14T07:52:57+00:00","dateModified":"2025-12-12T11:58:29+00:00","description":"USB ecol\u00f3gicos personalizados con tu logo. Fabricados en madera o bamb\u00fa, ideales para empresas comprometidas con el medioambiente.","breadcrumb":{"@id":"https:\/\/nuevo.logoband.es\/usb-ecologicos\/#breadcrumb"},"inLanguage":"en-GB","potentialAction":[{"@type":"ReadAction","target":["https:\/\/nuevo.logoband.es\/usb-ecologicos\/"]}]},{"@type":"ImageObject","inLanguage":"en-GB","@id":"https:\/\/nuevo.logoband.es\/usb-ecologicos\/#primaryimage","url":"https:\/\/nuevo.logoband.es\/wp-content\/uploads\/2025\/06\/eco-usb.webp","contentUrl":"https:\/\/nuevo.logoband.es\/wp-content\/uploads\/2025\/06\/eco-usb.webp","width":320,"height":240,"caption":"USB ecol\u00f3gicos personalizados"},{"@type":"BreadcrumbList","@id":"https:\/\/nuevo.logoband.es\/usb-ecologicos\/#breadcrumb","itemListElement":[{"@type":"ListItem","position":1,"name":"Portada","item":"https:\/\/nuevo.logoband.es\/"},{"@type":"ListItem","position":2,"name":"USB ecol\u00f3gicos"}]},{"@type":"WebSite","@id":"https:\/\/nuevo.logoband.es\/#website","url":"https:\/\/nuevo.logoband.es\/","name":"Logoband Espa\u00f1a","description":"Lanyards y pulseras personalizadas","publisher":{"@id":"https:\/\/nuevo.logoband.es\/#organization"},"potentialAction":[{"@type":"SearchAction","target":{"@type":"EntryPoint","urlTemplate":"https:\/\/nuevo.logoband.es\/?s={search_term_string}"},"query-input":{"@type":"PropertyValueSpecification","valueRequired":true,"valueName":"search_term_string"}}],"inLanguage":"en-GB"},{"@type":"Organization","@id":"https:\/\/nuevo.logoband.es\/#organization","name":"Logoband Espa\u00f1a","url":"https:\/\/nuevo.logoband.es\/","logo":{"@type":"ImageObject","inLanguage":"en-GB","@id":"https:\/\/nuevo.logoband.es\/#\/schema\/logo\/image\/","url":"http:\/\/nuevo.logoband.es\/wp-content\/uploads\/2025\/03\/Logotipo-PNG.png","contentUrl":"http:\/\/nuevo.logoband.es\/wp-content\/uploads\/2025\/03\/Logotipo-PNG.png","width":500,"height":104,"caption":"Logoband Espa\u00f1a"},"image":{"@id":"https:\/\/nuevo.logoband.es\/#\/schema\/logo\/image\/"}}]}},"_links":{"self":[{"href":"https:\/\/nuevo.logoband.es\/en\/wp-json\/wp\/v2\/pages\/1257","targetHints":{"allow":["GET"]}}],"collection":[{"href":"https:\/\/nuevo.logoband.es\/en\/wp-json\/wp\/v2\/pages"}],"about":[{"href":"https:\/\/nuevo.logoband.es\/en\/wp-json\/wp\/v2\/types\/page"}],"author":[{"embeddable":true,"href":"https:\/\/nuevo.logoband.es\/en\/wp-json\/wp\/v2\/users\/1"}],"replies":[{"embeddable":true,"href":"https:\/\/nuevo.logoband.es\/en\/wp-json\/wp\/v2\/comments?post=1257"}],"version-history":[{"count":19,"href":"https:\/\/nuevo.logoband.es\/en\/wp-json\/wp\/v2\/pages\/1257\/revisions"}],"predecessor-version":[{"id":3674,"href":"https:\/\/nuevo.logoband.es\/en\/wp-json\/wp\/v2\/pages\/1257\/revisions\/3674"}],"wp:featuredmedia":[{"embeddable":true,"href":"https:\/\/nuevo.logoband.es\/en\/wp-json\/wp\/v2\/media\/1258"}],"wp:attachment":[{"href":"https:\/\/nuevo.logoband.es\/en\/wp-json\/wp\/v2\/media?parent=1257"}],"curies":[{"name":"wp","href":"https:\/\/api.w.org\/{rel}","templated":true}]}}